{"id":2363,"date":"2025-09-30T11:57:12","date_gmt":"2025-09-30T09:57:12","guid":{"rendered":"https:\/\/mojebambino.pl\/nasze-realizacje\/?page_id=2363"},"modified":"2025-09-30T14:12:01","modified_gmt":"2025-09-30T12:12:01","slug":"szkola-podstawowa-bogdanow","status":"publish","type":"page","link":"https:\/\/mojebambino.pl\/nasze-realizacje\/szkola-podstawowa-bogdanow\/","title":{"rendered":"Szko\u0142a podstawowa w Bogdanowie"},"content":{"rendered":"[vc_row type=&#8221;full_width_content&#8221; full_screen_row_position=&#8221;middle&#8221; column_margin=&#8221;default&#8221; equal_height=&#8221;yes&#8221; column_direction=&#8221;default&#8221; column_direction_tablet=&#8221;default&#8221; column_direction_phone=&#8221;default&#8221; bg_color=&#8221;#d0bfc7&#8243; scene_position=&#8221;center&#8221; bottom_padding=&#8221;0&#8243; text_color=&#8221;dark&#8221; text_align=&#8221;left&#8221; row_border_radius=&#8221;none&#8221; row_border_radius_applies=&#8221;bg&#8221; overlay_strength=&#8221;0.3&#8243; gradient_direction=&#8221;left_to_right&#8221; shape_divider_position=&#8221;bottom&#8221; bg_image_animation=&#8221;none&#8221; shape_type=&#8221;&#8221;][vc_column column_padding=&#8221;no-extra-padding&#8221; column_padding_tablet=&#8221;inherit&#8221; column_padding_phone=&#8221;inherit&#8221; column_padding_position=&#8221;all&#8221; background_color_opacity=&#8221;1&#8243; background_hover_color_opacity=&#8221;1&#8243; column_shadow=&#8221;none&#8221; column_border_radius=&#8221;none&#8221; column_link_target=&#8221;_self&#8221; gradient_direction=&#8221;left_to_right&#8221; overlay_strength=&#8221;0.3&#8243; width=&#8221;1\/2&#8243; tablet_width_inherit=&#8221;default&#8221; tablet_text_alignment=&#8221;default&#8221; phone_text_alignment=&#8221;default&#8221; column_border_width=&#8221;none&#8221; column_border_style=&#8221;solid&#8221; bg_image_animation=&#8221;none&#8221;][vc_gallery type=&#8221;nectarslider_style&#8221; images=&#8221;2369,2368,2366,2367,2380,2379,2371,2372,2373,2374,2375,2376,2377,2378,2370&#8243; image_loading=&#8221;default&#8221; bullet_navigation_style=&#8221;see_through&#8221; onclick=&#8221;link_image&#8221; img_size=&#8221;400X700&#8243;][\/vc_column][vc_column column_padding=&#8221;no-extra-padding&#8221; column_padding_tablet=&#8221;inherit&#8221; column_padding_phone=&#8221;inherit&#8221; column_padding_position=&#8221;all&#8221; background_color_opacity=&#8221;1&#8243; background_hover_color_opacity=&#8221;1&#8243; column_shadow=&#8221;none&#8221; column_border_radius=&#8221;none&#8221; column_link_target=&#8221;_self&#8221; gradient_direction=&#8221;left_to_right&#8221; overlay_strength=&#8221;0.3&#8243; width=&#8221;1\/2&#8243; tablet_width_inherit=&#8221;default&#8221; tablet_text_alignment=&#8221;default&#8221; phone_text_alignment=&#8221;default&#8221; column_border_width=&#8221;none&#8221; column_border_style=&#8221;solid&#8221; bg_image_animation=&#8221;fade-in&#8221; enable_animation=&#8221;true&#8221; animation=&#8221;fade-in&#8221; delay=&#8221;200&#8243;][divider line_type=&#8221;No Line&#8221; custom_height=&#8221;60&#8243;][vc_custom_heading text=&#8221;Szko\u0142a podstawowa w Bogdanowie&#8221; font_container=&#8221;tag:h2|font_size:40|text_align:left&#8221; use_theme_fonts=&#8221;yes&#8221; css=&#8221;.vc_custom_1759226818721{padding-right: 80px !important;padding-left: 95px !important;}&#8221;][vc_column_text css=&#8221;.vc_custom_1759232115559{padding-top: 10px !important;padding-right: 100px !important;padding-bottom: 40px !important;padding-left: 100px !important;}&#8221;]\n<h5><strong>Rozs\u0105dne rozwi\u0105zania, rozs\u0105dnie wykorzystana przestrze\u0144.\u00a0<\/strong><\/h5>\n<p>Podczas ka\u017cdej inwestycji liczy si\u0119 dla nas funkcjonalno\u015b\u0107 i maksymalne wykorzystanie przestrzeni. Nigdy nie zapominamy jednak o estetyce.<\/p>\n<p>Do tej realizacji wybrali\u015bmy pojemne rega\u0142y i szafki szkolne z kolekcji Quadro uzupe\u0142nione o pastelowe fronty z najnowszej kolekcji. Dzi\u0119ki takiemu rozwi\u0105zaniu proste formy nabra\u0142y charakteru a ca\u0142a aran\u017cacja jest bardziej przyjazna uczniom.<\/p>\n<p><strong>Za realizacj\u0119 odpowiadaj\u0105:<\/strong><\/p>\n<p><strong>Katarzyna Janik<\/strong> &#8211; M\u0142odszy Specjalista ds. sprzeda\u017cy<br \/>\ntel.: 781 980 248<br \/>\nk.janik@mojebambino.pl<\/p>\n<p><strong>Monika Sobieraj<\/strong> &#8211; Koordynator Regionu Sprzeda\u017cy<\/p>\n<div class=\"col-sm-6\">(woj. wielkopolskie, lubuskie)<\/div>\n<div class=\"col-sm-6\">667 633 867<br \/>\nm.sobieraj@mojebambino.pl<\/div>\n[\/vc_column_text][\/vc_column][\/vc_row][vc_row type=&#8221;full_width_content&#8221; full_screen_row_position=&#8221;middle&#8221; column_margin=&#8221;default&#8221; equal_height=&#8221;yes&#8221; column_direction=&#8221;default&#8221; column_direction_tablet=&#8221;default&#8221; column_direction_phone=&#8221;default&#8221; scene_position=&#8221;center&#8221; text_color=&#8221;dark&#8221; text_align=&#8221;left&#8221; row_border_radius=&#8221;none&#8221; row_border_radius_applies=&#8221;bg&#8221; overlay_strength=&#8221;0.3&#8243; gradient_direction=&#8221;left_to_right&#8221; shape_divider_position=&#8221;bottom&#8221; bg_image_animation=&#8221;none&#8221; shape_type=&#8221;&#8221;][vc_column column_padding=&#8221;no-extra-padding&#8221; column_padding_tablet=&#8221;inherit&#8221; column_padding_phone=&#8221;inherit&#8221; column_padding_position=&#8221;all&#8221; background_color_opacity=&#8221;1&#8243; background_hover_color_opacity=&#8221;1&#8243; column_shadow=&#8221;none&#8221; column_border_radius=&#8221;none&#8221; column_link_target=&#8221;_self&#8221; gradient_direction=&#8221;left_to_right&#8221; overlay_strength=&#8221;0.3&#8243; width=&#8221;1\/1&#8243; tablet_width_inherit=&#8221;default&#8221; tablet_text_alignment=&#8221;default&#8221; phone_text_alignment=&#8221;default&#8221; column_border_width=&#8221;none&#8221; column_border_style=&#8221;solid&#8221; bg_image_animation=&#8221;none&#8221;][carousel script=&#8221;owl_carousel&#8221; desktop_cols=&#8221;4&#8243; desktop_small_cols=&#8221;3&#8243; tablet_cols=&#8221;2&#8243; mobile_cols=&#8221;1&#8243; column_padding=&#8221;0&#8243;][item id=&#8221;1759234314180-10&#8243; tab_id=&#8221;1759234314180-4&#8243; title=&#8221;Item&#8221;][image_with_animation image_url=&#8221;2381&#8243; animation=&#8221;Fade In&#8221; hover_animation=&#8221;none&#8221; alignment=&#8221;&#8221; img_link_target=&#8221;_blank&#8221; border_radius=&#8221;none&#8221; box_shadow=&#8221;none&#8221; image_loading=&#8221;default&#8221; max_width=&#8221;75%&#8221; max_width_mobile=&#8221;default&#8221; img_link=&#8221;https:\/\/mojebambino.pl\/1121084\/Quadro-zestaw-189-skrzynia-klon-jasny\/SET6444&#8243; margin_left=&#8221;25&#8243; margin_right=&#8221;25&#8243; margin_bottom=&#8221;30&#8243;][heading]\n<h4 class=\"product-detail-name\"><a href=\"https:\/\/mojebambino.pl\/1121084\/Quadro-zestaw-189-skrzynia-klon-jasny\/SET6444\" target=\"_blank\" rel=\"noopener\">Quadro zestaw 189<\/a><\/h4>\n<h4 style=\"text-align: center;\"><\/h4>\n[\/heading][\/item][item id=&#8221;1759234314217-0&#8243; tab_id=&#8221;1759234314217-3&#8243; title=&#8221;Item&#8221;][image_with_animation image_url=&#8221;2382&#8243; animation=&#8221;Fade In&#8221; hover_animation=&#8221;none&#8221; alignment=&#8221;&#8221; img_link_target=&#8221;_blank&#8221; border_radius=&#8221;none&#8221; box_shadow=&#8221;none&#8221; image_loading=&#8221;default&#8221; max_width=&#8221;75%&#8221; max_width_mobile=&#8221;default&#8221; img_link=&#8221;https:\/\/mojebambino.pl\/1131184\/Krzeslo-Colores-rozm.-6-oliwkowe-stelaz-aluminium\/256142&#8243;][heading]\n<h4 class=\"product-detail-name\"><a href=\"https:\/\/mojebambino.pl\/2384\/Krzeslo-Colores-rozm.-3-szare-stelaz-aluminium\/256100\" target=\"_blank\" rel=\"noopener\">Krzes\u0142o Colores<\/a><\/h4>\n<h4 style=\"text-align: center;\"><\/h4>\n[\/heading][\/item][item title=&#8221;Item&#8221; id=&#8221;1759234314235-1&#8243; tab_id=&#8221;1759234314236-10&#8243;][image_with_animation image_url=&#8221;2383&#8243; animation=&#8221;Fade In&#8221; hover_animation=&#8221;none&#8221; alignment=&#8221;&#8221; img_link_target=&#8221;_blank&#8221; border_radius=&#8221;none&#8221; box_shadow=&#8221;none&#8221; image_loading=&#8221;default&#8221; max_width=&#8221;75%&#8221; max_width_mobile=&#8221;default&#8221; img_link=&#8221;https:\/\/mojebambino.pl\/1839\/Krzeslo-P-rozm.-6-aluminium\/F011046-6-08-08&#8243;][heading]\n<h4 class=\"product-detail-name\"><a href=\"https:\/\/mojebambino.pl\/1839\/Krzeslo-P-rozm.-6-aluminium\/F011046-6-08-08\" target=\"_blank\" rel=\"noopener\">Krzes\u0142o P<\/a><\/h4>\n<h4 style=\"text-align: center;\"><\/h4>\n[\/heading][\/item][item title=&#8221;Item&#8221; id=&#8221;1759234314256-7&#8243; tab_id=&#8221;1759234314256-0&#8243;][image_with_animation image_url=&#8221;2385&#8243; animation=&#8221;Fade In&#8221; hover_animation=&#8221;none&#8221; alignment=&#8221;&#8221; img_link_target=&#8221;_blank&#8221; border_radius=&#8221;none&#8221; box_shadow=&#8221;none&#8221; image_loading=&#8221;default&#8221; max_width=&#8221;75%&#8221; max_width_mobile=&#8221;default&#8221; img_link=&#8221;https:\/\/mojebambino.pl\/1130376\/Quadro-szafka-domek-z-2-polkami-ciemnooliwkowa-skrzynia-klon-jasny\/094117&#8243;][heading]\n<h4 class=\"product-detail-name\"><a href=\"https:\/\/mojebambino.pl\/1130376\/Quadro-szafka-domek-z-2-polkami-ciemnooliwkowa-skrzynia-klon-jasny\/094117\" target=\"_blank\" rel=\"noopener\">Szafka Domek Quadro\u00a0<\/a><\/h4>\n<h4 style=\"text-align: center;\"><\/h4>\n[\/heading][\/item][item title=&#8221;Item&#8221; id=&#8221;1759234314273-3&#8243; tab_id=&#8221;1759234314274-2&#8243;][image_with_animation image_url=&#8221;2386&#8243; animation=&#8221;Fade In&#8221; hover_animation=&#8221;none&#8221; alignment=&#8221;&#8221; img_link_target=&#8221;_blank&#8221; border_radius=&#8221;none&#8221; box_shadow=&#8221;none&#8221; image_loading=&#8221;default&#8221; max_width=&#8221;75%&#8221; max_width_mobile=&#8221;default&#8221; img_link=&#8221;https:\/\/mojebambino.pl\/28868\/Quadro-biurko-z-szafka-i-1-szuflada-90-st.-szare-skrzynia-klon-jasny\/095446&#8243;][heading]\n<h4 style=\"text-align: left;\"><a href=\"https:\/\/mojebambino.pl\/28868\/Quadro-biurko-z-szafka-i-1-szuflada-90-st.-szare-skrzynia-klon-jasny\/095446\" target=\"_blank\" rel=\"noopener\">Biurko Quadro<\/a><\/h4>\n[\/heading][\/item][\/carousel][\/vc_column][\/vc_row]\n","protected":false},"excerpt":{"rendered":"<p>[vc_row type=&#8221;full_width_content&#8221; full_screen_row_position=&#8221;middle&#8221; column_margin=&#8221;default&#8221; equal_height=&#8221;yes&#8221; column_direction=&#8221;default&#8221; column_direction_tablet=&#8221;default&#8221; column_direction_phone=&#8221;default&#8221; bg_color=&#8221;#d0bfc7&#8243; scene_position=&#8221;center&#8221; bottom_padding=&#8221;0&#8243; text_color=&#8221;dark&#8221; text_align=&#8221;left&#8221; row_border_radius=&#8221;none&#8221; row_border_radius_applies=&#8221;bg&#8221; overlay_strength=&#8221;0.3&#8243; gradient_direction=&#8221;left_to_right&#8221; shape_divider_position=&#8221;bottom&#8221; bg_image_animation=&#8221;none&#8221; shape_type=&#8221;&#8221;][vc_column column_padding=&#8221;no-extra-padding&#8221; column_padding_tablet=&#8221;inherit&#8221; column_padding_phone=&#8221;inherit&#8221; column_padding_position=&#8221;all&#8221; background_color_opacity=&#8221;1&#8243; background_hover_color_opacity=&#8221;1&#8243; column_shadow=&#8221;none&#8221; column_border_radius=&#8221;none&#8221; column_link_target=&#8221;_self&#8221; gradient_direction=&#8221;left_to_right&#8221;&#8230;<\/p>\n","protected":false},"author":2,"featured_media":0,"parent":0,"menu_order":0,"comment_status":"closed","ping_status":"closed","template":"","meta":{"footnotes":""},"yoast_head":"<!-- This site is optimized with the Yoast SEO plugin v23.0 - https:\/\/yoast.com\/wordpress\/plugins\/seo\/ -->\n<title>Szko\u0142a podstawowa w Bogdanowie -<\/title>\n<meta name=\"robots\" content=\"index, follow, max-snippet:-1, max-image-preview:large, max-video-preview:-1\" \/>\n<link rel=\"canonical\" href=\"https:\/\/mojebambino.pl\/nasze-realizacje\/szkola-podstawowa-bogdanow\/\" \/>\n<meta property=\"og:locale\" content=\"pl_PL\" \/>\n<meta property=\"og:type\" content=\"article\" \/>\n<meta property=\"og:title\" content=\"Szko\u0142a podstawowa w Bogdanowie -\" \/>\n<meta property=\"og:description\" content=\"[vc_row type=&#8221;full_width_content&#8221; full_screen_row_position=&#8221;middle&#8221; column_margin=&#8221;default&#8221; equal_height=&#8221;yes&#8221; column_direction=&#8221;default&#8221; column_direction_tablet=&#8221;default&#8221; column_direction_phone=&#8221;default&#8221; bg_color=&#8221;#d0bfc7&#8243; scene_position=&#8221;center&#8221; bottom_padding=&#8221;0&#8243; text_color=&#8221;dark&#8221; text_align=&#8221;left&#8221; row_border_radius=&#8221;none&#8221; row_border_radius_applies=&#8221;bg&#8221; overlay_strength=&#8221;0.3&#8243; gradient_direction=&#8221;left_to_right&#8221; shape_divider_position=&#8221;bottom&#8221; bg_image_animation=&#8221;none&#8221; shape_type=&#8221;&#8221;][vc_column column_padding=&#8221;no-extra-padding&#8221; column_padding_tablet=&#8221;inherit&#8221; column_padding_phone=&#8221;inherit&#8221; column_padding_position=&#8221;all&#8221; background_color_opacity=&#8221;1&#8243; background_hover_color_opacity=&#8221;1&#8243; column_shadow=&#8221;none&#8221; column_border_radius=&#8221;none&#8221; column_link_target=&#8221;_self&#8221; gradient_direction=&#8221;left_to_right&#8221;...\" \/>\n<meta property=\"og:url\" content=\"https:\/\/mojebambino.pl\/nasze-realizacje\/szkola-podstawowa-bogdanow\/\" \/>\n<meta property=\"article:modified_time\" content=\"2025-09-30T12:12:01+00:00\" \/>\n<meta name=\"twitter:card\" content=\"summary_large_image\" \/>\n<meta name=\"twitter:label1\" content=\"Szacowany czas czytania\" \/>\n\t<meta name=\"twitter:data1\" content=\"2 minuty\" \/>\n<script type=\"application\/ld+json\" class=\"yoast-schema-graph\">{\"@context\":\"https:\/\/schema.org\",\"@graph\":[{\"@type\":\"WebPage\",\"@id\":\"https:\/\/mojebambino.pl\/nasze-realizacje\/szkola-podstawowa-bogdanow\/\",\"url\":\"https:\/\/mojebambino.pl\/nasze-realizacje\/szkola-podstawowa-bogdanow\/\",\"name\":\"Szko\u0142a podstawowa w Bogdanowie -\",\"isPartOf\":{\"@id\":\"https:\/\/mojebambino.pl\/nasze-realizacje\/#website\"},\"datePublished\":\"2025-09-30T09:57:12+00:00\",\"dateModified\":\"2025-09-30T12:12:01+00:00\",\"breadcrumb\":{\"@id\":\"https:\/\/mojebambino.pl\/nasze-realizacje\/szkola-podstawowa-bogdanow\/#breadcrumb\"},\"inLanguage\":\"pl-PL\",\"potentialAction\":[{\"@type\":\"ReadAction\",\"target\":[\"https:\/\/mojebambino.pl\/nasze-realizacje\/szkola-podstawowa-bogdanow\/\"]}]},{\"@type\":\"BreadcrumbList\",\"@id\":\"https:\/\/mojebambino.pl\/nasze-realizacje\/szkola-podstawowa-bogdanow\/#breadcrumb\",\"itemListElement\":[{\"@type\":\"ListItem\",\"position\":1,\"name\":\"Strona g\u0142\u00f3wna\",\"item\":\"https:\/\/mojebambino.pl\/nasze-realizacje\/\"},{\"@type\":\"ListItem\",\"position\":2,\"name\":\"Szko\u0142a podstawowa w Bogdanowie\"}]},{\"@type\":\"WebSite\",\"@id\":\"https:\/\/mojebambino.pl\/nasze-realizacje\/#website\",\"url\":\"https:\/\/mojebambino.pl\/nasze-realizacje\/\",\"name\":\"\",\"description\":\"\",\"potentialAction\":[{\"@type\":\"SearchAction\",\"target\":{\"@type\":\"EntryPoint\",\"urlTemplate\":\"https:\/\/mojebambino.pl\/nasze-realizacje\/?s={search_term_string}\"},\"query-input\":\"required name=search_term_string\"}],\"inLanguage\":\"pl-PL\"}]}<\/script>\n<!-- \/ Yoast SEO plugin. -->","yoast_head_json":{"title":"Szko\u0142a podstawowa w Bogdanowie -","robots":{"index":"index","follow":"follow","max-snippet":"max-snippet:-1","max-image-preview":"max-image-preview:large","max-video-preview":"max-video-preview:-1"},"canonical":"https:\/\/mojebambino.pl\/nasze-realizacje\/szkola-podstawowa-bogdanow\/","og_locale":"pl_PL","og_type":"article","og_title":"Szko\u0142a podstawowa w Bogdanowie -","og_description":"[vc_row type=&#8221;full_width_content&#8221; full_screen_row_position=&#8221;middle&#8221; column_margin=&#8221;default&#8221; equal_height=&#8221;yes&#8221; column_direction=&#8221;default&#8221; column_direction_tablet=&#8221;default&#8221; column_direction_phone=&#8221;default&#8221; bg_color=&#8221;#d0bfc7&#8243; scene_position=&#8221;center&#8221; bottom_padding=&#8221;0&#8243; text_color=&#8221;dark&#8221; text_align=&#8221;left&#8221; row_border_radius=&#8221;none&#8221; row_border_radius_applies=&#8221;bg&#8221; overlay_strength=&#8221;0.3&#8243; gradient_direction=&#8221;left_to_right&#8221; shape_divider_position=&#8221;bottom&#8221; bg_image_animation=&#8221;none&#8221; shape_type=&#8221;&#8221;][vc_column column_padding=&#8221;no-extra-padding&#8221; column_padding_tablet=&#8221;inherit&#8221; column_padding_phone=&#8221;inherit&#8221; column_padding_position=&#8221;all&#8221; background_color_opacity=&#8221;1&#8243; background_hover_color_opacity=&#8221;1&#8243; column_shadow=&#8221;none&#8221; column_border_radius=&#8221;none&#8221; column_link_target=&#8221;_self&#8221; gradient_direction=&#8221;left_to_right&#8221;...","og_url":"https:\/\/mojebambino.pl\/nasze-realizacje\/szkola-podstawowa-bogdanow\/","article_modified_time":"2025-09-30T12:12:01+00:00","twitter_card":"summary_large_image","twitter_misc":{"Szacowany czas czytania":"2 minuty"},"schema":{"@context":"https:\/\/schema.org","@graph":[{"@type":"WebPage","@id":"https:\/\/mojebambino.pl\/nasze-realizacje\/szkola-podstawowa-bogdanow\/","url":"https:\/\/mojebambino.pl\/nasze-realizacje\/szkola-podstawowa-bogdanow\/","name":"Szko\u0142a podstawowa w Bogdanowie -","isPartOf":{"@id":"https:\/\/mojebambino.pl\/nasze-realizacje\/#website"},"datePublished":"2025-09-30T09:57:12+00:00","dateModified":"2025-09-30T12:12:01+00:00","breadcrumb":{"@id":"https:\/\/mojebambino.pl\/nasze-realizacje\/szkola-podstawowa-bogdanow\/#breadcrumb"},"inLanguage":"pl-PL","potentialAction":[{"@type":"ReadAction","target":["https:\/\/mojebambino.pl\/nasze-realizacje\/szkola-podstawowa-bogdanow\/"]}]},{"@type":"BreadcrumbList","@id":"https:\/\/mojebambino.pl\/nasze-realizacje\/szkola-podstawowa-bogdanow\/#breadcrumb","itemListElement":[{"@type":"ListItem","position":1,"name":"Strona g\u0142\u00f3wna","item":"https:\/\/mojebambino.pl\/nasze-realizacje\/"},{"@type":"ListItem","position":2,"name":"Szko\u0142a podstawowa w Bogdanowie"}]},{"@type":"WebSite","@id":"https:\/\/mojebambino.pl\/nasze-realizacje\/#website","url":"https:\/\/mojebambino.pl\/nasze-realizacje\/","name":"","description":"","potentialAction":[{"@type":"SearchAction","target":{"@type":"EntryPoint","urlTemplate":"https:\/\/mojebambino.pl\/nasze-realizacje\/?s={search_term_string}"},"query-input":"required name=search_term_string"}],"inLanguage":"pl-PL"}]}},"_links":{"self":[{"href":"https:\/\/mojebambino.pl\/nasze-realizacje\/wp-json\/wp\/v2\/pages\/2363"}],"collection":[{"href":"https:\/\/mojebambino.pl\/nasze-realizacje\/wp-json\/wp\/v2\/pages"}],"about":[{"href":"https:\/\/mojebambino.pl\/nasze-realizacje\/wp-json\/wp\/v2\/types\/page"}],"author":[{"embeddable":true,"href":"https:\/\/mojebambino.pl\/nasze-realizacje\/wp-json\/wp\/v2\/users\/2"}],"replies":[{"embeddable":true,"href":"https:\/\/mojebambino.pl\/nasze-realizacje\/wp-json\/wp\/v2\/comments?post=2363"}],"version-history":[{"count":7,"href":"https:\/\/mojebambino.pl\/nasze-realizacje\/wp-json\/wp\/v2\/pages\/2363\/revisions"}],"predecessor-version":[{"id":2365,"href":"https:\/\/mojebambino.pl\/nasze-realizacje\/wp-json\/wp\/v2\/pages\/2363\/revisions\/2365"}],"wp:attachment":[{"href":"https:\/\/mojebambino.pl\/nasze-realizacje\/wp-json\/wp\/v2\/media?parent=2363"}],"curies":[{"name":"wp","href":"https:\/\/api.w.org\/{rel}","templated":true}]}}