{"id":2228,"date":"2025-03-25T15:23:59","date_gmt":"2025-03-25T14:23:59","guid":{"rendered":"https:\/\/mojebambino.pl\/nasze-realizacje\/?page_id=2228"},"modified":"2025-03-26T11:50:20","modified_gmt":"2025-03-26T10:50:20","slug":"przedszkole-twardogora","status":"publish","type":"page","link":"https:\/\/mojebambino.pl\/nasze-realizacje\/przedszkole-twardogora\/","title":{"rendered":"Przedszkole w Twardog\u00f3rze"},"content":{"rendered":"[vc_row type=&#8221;full_width_content&#8221; full_screen_row_position=&#8221;middle&#8221; column_margin=&#8221;default&#8221; equal_height=&#8221;yes&#8221; column_direction=&#8221;default&#8221; column_direction_tablet=&#8221;default&#8221; column_direction_phone=&#8221;default&#8221; bg_color=&#8221;#fbd4b5&#8243; scene_position=&#8221;center&#8221; bottom_padding=&#8221;0&#8243; text_color=&#8221;dark&#8221; text_align=&#8221;left&#8221; row_border_radius=&#8221;none&#8221; row_border_radius_applies=&#8221;bg&#8221; overlay_strength=&#8221;0.3&#8243; gradient_direction=&#8221;left_to_right&#8221; shape_divider_position=&#8221;bottom&#8221; bg_image_animation=&#8221;none&#8221; shape_type=&#8221;&#8221;][vc_column column_padding=&#8221;no-extra-padding&#8221; column_padding_tablet=&#8221;inherit&#8221; column_padding_phone=&#8221;inherit&#8221; column_padding_position=&#8221;all&#8221; background_color_opacity=&#8221;1&#8243; background_hover_color_opacity=&#8221;1&#8243; column_shadow=&#8221;none&#8221; column_border_radius=&#8221;none&#8221; column_link_target=&#8221;_self&#8221; gradient_direction=&#8221;left_to_right&#8221; overlay_strength=&#8221;0.3&#8243; width=&#8221;1\/2&#8243; tablet_width_inherit=&#8221;default&#8221; tablet_text_alignment=&#8221;default&#8221; phone_text_alignment=&#8221;default&#8221; column_border_width=&#8221;none&#8221; column_border_style=&#8221;solid&#8221; bg_image_animation=&#8221;none&#8221;][vc_gallery type=&#8221;nectarslider_style&#8221; images=&#8221;2229,2230,2231,2232,2233,2234,2235,2236,2237,2238,2239,2240,2241,2242,2243,2244,2245,2246,2247,2248,2249&#8243; image_loading=&#8221;default&#8221; bullet_navigation_style=&#8221;see_through&#8221; onclick=&#8221;link_image&#8221; img_size=&#8221;400X700&#8243;][\/vc_column][vc_column column_padding=&#8221;no-extra-padding&#8221; column_padding_tablet=&#8221;inherit&#8221; column_padding_phone=&#8221;inherit&#8221; column_padding_position=&#8221;all&#8221; background_color_opacity=&#8221;1&#8243; background_hover_color_opacity=&#8221;1&#8243; column_shadow=&#8221;none&#8221; column_border_radius=&#8221;none&#8221; column_link_target=&#8221;_self&#8221; gradient_direction=&#8221;left_to_right&#8221; overlay_strength=&#8221;0.3&#8243; width=&#8221;1\/2&#8243; tablet_width_inherit=&#8221;default&#8221; tablet_text_alignment=&#8221;default&#8221; phone_text_alignment=&#8221;default&#8221; column_border_width=&#8221;none&#8221; column_border_style=&#8221;solid&#8221; bg_image_animation=&#8221;fade-in&#8221; enable_animation=&#8221;true&#8221; animation=&#8221;fade-in&#8221; delay=&#8221;200&#8243;][divider line_type=&#8221;No Line&#8221; custom_height=&#8221;120&#8243;][vc_custom_heading text=&#8221;Przedszkole w Twardog\u00f3rze&#8221; font_container=&#8221;tag:h2|font_size:40|text_align:left&#8221; use_theme_fonts=&#8221;yes&#8221; css=&#8221;.vc_custom_1742914254220{padding-right: 80px !important;padding-left: 95px !important;}&#8221;][vc_column_text css=&#8221;.vc_custom_1742986203148{padding-top: 15px !important;padding-right: 100px !important;padding-bottom: 40px !important;padding-left: 100px !important;}&#8221;]<strong>Nowoczesne i przyjazne wn\u0119trza przedszkolne.\u00a0\u00a0<\/strong><\/p>\n<p>Mieli\u015bmy przyjemno\u015b\u0107 kompleksowo wyposa\u017cy\u0107 przedszkole w Twardog\u00f3rze, dbaj\u0105c o funkcjonalno\u015b\u0107, estetyk\u0119 i komfort najm\u0142odszych. Wn\u0119trza plac\u00f3wki utrzymane s\u0105 w jasnej, minimalistycznej stylistyce, kt\u00f3ra sprzyja koncentracji i harmonii.<\/p>\n<p>Jasne meble nadaj\u0105 przestrzeni lekko\u015bci, a kolorowe dodatki takie jak <a href=\"https:\/\/mojebambino.pl\/184\/Kaciki-przedszkolne\" target=\"_blank\" rel=\"noopener\">k\u0105ciki aktywno\u015bci<\/a> czy <a href=\"https:\/\/mojebambino.pl\/12468\/Poduszki-okragle-20-szt.\/101258\" target=\"_blank\" rel=\"noopener\">kolorowe pufki<\/a> wprowadzaj\u0105 ciep\u0142o i radosny klimat, kt\u00f3ry zach\u0119ca do zabawy.<\/p>\n<p>W realizacjach nigdy nie zapominamy o pedagogach, gabinety zosta\u0142y zaprojektowane tak, aby wspiera\u0107 skupienie i efektywn\u0105 prac\u0119 \u2013 s\u0105 przestronne, uporz\u0105dkowane i pe\u0142ne naturalnego \u015bwiat\u0142a.<\/p>\n<p>Za realizacje odpowiadaj\u0105:<\/p>\n<p><strong>El\u017cbieta Dudkiewicz<\/strong> tel. 667 633 864;\u00a0 e.dudkiewicz@mojebambino.pl<\/p>\n<p><strong>Dariusz Zienkiewicz<\/strong> tel. 781 980 288; d.zienkiewicz@mojebambino.pl[\/vc_column_text][\/vc_column][\/vc_row][vc_row type=&#8221;full_width_content&#8221; full_screen_row_position=&#8221;middle&#8221; column_margin=&#8221;default&#8221; column_direction=&#8221;default&#8221; column_direction_tablet=&#8221;default&#8221; column_direction_phone=&#8221;default&#8221; scene_position=&#8221;center&#8221; top_padding=&#8221;40&#8243; text_color=&#8221;dark&#8221; text_align=&#8221;left&#8221; row_border_radius=&#8221;none&#8221; row_border_radius_applies=&#8221;bg&#8221; overlay_strength=&#8221;0.3&#8243; gradient_direction=&#8221;left_to_right&#8221; shape_divider_position=&#8221;bottom&#8221; bg_image_animation=&#8221;none&#8221; shape_type=&#8221;&#8221;][vc_column column_padding=&#8221;no-extra-padding&#8221; column_padding_tablet=&#8221;inherit&#8221; column_padding_phone=&#8221;inherit&#8221; column_padding_position=&#8221;all&#8221; background_color_opacity=&#8221;1&#8243; background_hover_color_opacity=&#8221;1&#8243; column_shadow=&#8221;none&#8221; column_border_radius=&#8221;none&#8221; column_link_target=&#8221;_self&#8221; gradient_direction=&#8221;left_to_right&#8221; overlay_strength=&#8221;0.3&#8243; width=&#8221;1\/4&#8243; tablet_width_inherit=&#8221;default&#8221; tablet_text_alignment=&#8221;default&#8221; phone_text_alignment=&#8221;default&#8221; column_border_width=&#8221;none&#8221; column_border_style=&#8221;solid&#8221; bg_image_animation=&#8221;none&#8221;][divider line_type=&#8221;No Line&#8221; custom_height=&#8221;20&#8243;][image_with_animation image_url=&#8221;2052&#8243; animation=&#8221;Grow In&#8221; hover_animation=&#8221;none&#8221; alignment=&#8221;&#8221; img_link_target=&#8221;_blank&#8221; border_radius=&#8221;none&#8221; box_shadow=&#8221;none&#8221; image_loading=&#8221;default&#8221; max_width=&#8221;100%&#8221; max_width_mobile=&#8221;default&#8221; img_link=&#8221;https:\/\/mojebambino.pl\/1109882\/Stol-Bambino-prostokatny-z-bialym-obrzezem-z-6-krzeslami-Bambino-bialymi-rozm.-3\/ZEST5407&#8243;][divider line_type=&#8221;No Line&#8221; custom_height=&#8221;10&#8243; custom_height_tablet=&#8221;10&#8243; custom_height_phone=&#8221;5&#8243;][heading]\n<h4 class=\"product-detail-name\"><a href=\"https:\/\/mojebambino.pl\/1109882\/Stol-Bambino-prostokatny-z-bialym-obrzezem-z-6-krzeslami-Bambino-bialymi-rozm.-3\/ZEST5407\" target=\"_blank\" rel=\"noopener\">Zestaw sto\u0142\u00f3w i krzese\u0142 Bambino<\/a><\/h4>\n<h4 style=\"text-align: center;\"><\/h4>\n[\/heading][\/vc_column][vc_column column_padding=&#8221;no-extra-padding&#8221; column_padding_tablet=&#8221;inherit&#8221; column_padding_phone=&#8221;inherit&#8221; column_padding_position=&#8221;all&#8221; background_color_opacity=&#8221;1&#8243; background_hover_color_opacity=&#8221;1&#8243; column_shadow=&#8221;none&#8221; column_border_radius=&#8221;none&#8221; column_link_target=&#8221;_self&#8221; gradient_direction=&#8221;left_to_right&#8221; overlay_strength=&#8221;0.3&#8243; width=&#8221;1\/4&#8243; tablet_width_inherit=&#8221;default&#8221; tablet_text_alignment=&#8221;default&#8221; phone_text_alignment=&#8221;default&#8221; column_border_width=&#8221;none&#8221; column_border_style=&#8221;solid&#8221; bg_image_animation=&#8221;none&#8221;][divider line_type=&#8221;No Line&#8221; custom_height=&#8221;20&#8243;][image_with_animation image_url=&#8221;2254&#8243; animation=&#8221;Grow In&#8221; hover_animation=&#8221;none&#8221; alignment=&#8221;&#8221; img_link_target=&#8221;_blank&#8221; border_radius=&#8221;none&#8221; box_shadow=&#8221;none&#8221; image_loading=&#8221;default&#8221; max_width=&#8221;100%&#8221; max_width_mobile=&#8221;default&#8221; img_link=&#8221;https:\/\/mojebambino.pl\/1109404\/Szatnia-Porzadkus-prosta-5-wysoka\/100276&#8243;][divider line_type=&#8221;No Line&#8221; custom_height=&#8221;10&#8243; custom_height_phone=&#8221;5&#8243;][heading]\n<h4><a href=\"https:\/\/mojebambino.pl\/1109404\/Szatnia-Porzadkus-prosta-5-wysoka\/100276\" target=\"_blank\" rel=\"noopener\">Szatnia Porz\u0105dku\u015b\u00a0<\/a><\/h4>\n[\/heading][\/vc_column][vc_column column_padding=&#8221;no-extra-padding&#8221; column_padding_tablet=&#8221;inherit&#8221; column_padding_phone=&#8221;inherit&#8221; column_padding_position=&#8221;all&#8221; background_color_opacity=&#8221;1&#8243; background_hover_color_opacity=&#8221;1&#8243; column_shadow=&#8221;none&#8221; column_border_radius=&#8221;none&#8221; column_link_target=&#8221;_self&#8221; gradient_direction=&#8221;left_to_right&#8221; overlay_strength=&#8221;0.3&#8243; width=&#8221;1\/4&#8243; tablet_width_inherit=&#8221;default&#8221; tablet_text_alignment=&#8221;default&#8221; phone_text_alignment=&#8221;default&#8221; column_border_width=&#8221;none&#8221; column_border_style=&#8221;solid&#8221; bg_image_animation=&#8221;none&#8221;][divider line_type=&#8221;No Line&#8221; custom_height=&#8221;20&#8243;][image_with_animation image_url=&#8221;2256&#8243; animation=&#8221;Grow In&#8221; hover_animation=&#8221;none&#8221; alignment=&#8221;&#8221; img_link_target=&#8221;_blank&#8221; border_radius=&#8221;none&#8221; box_shadow=&#8221;none&#8221; image_loading=&#8221;default&#8221; max_width=&#8221;100%&#8221; max_width_mobile=&#8221;default&#8221; img_link=&#8221;https:\/\/mojebambino.pl\/1108183\/Quadro-zestaw-121-90-st.-skrzynia-klon-jasny\/SET6241&#8243;][divider line_type=&#8221;No Line&#8221; custom_height=&#8221;10&#8243;][heading]\n<h4><a href=\"https:\/\/mojebambino.pl\/1108183\/Quadro-zestaw-121-90-st.-skrzynia-klon-jasny\/SET6241\" target=\"_blank\" rel=\"noopener\">Meble do gabinetu Grande<\/a><\/h4>\n[\/heading][\/vc_column][vc_column column_padding=&#8221;no-extra-padding&#8221; column_padding_tablet=&#8221;inherit&#8221; column_padding_phone=&#8221;inherit&#8221; column_padding_position=&#8221;all&#8221; background_color_opacity=&#8221;1&#8243; background_hover_color_opacity=&#8221;1&#8243; column_shadow=&#8221;none&#8221; column_border_radius=&#8221;none&#8221; column_link_target=&#8221;_self&#8221; gradient_direction=&#8221;left_to_right&#8221; overlay_strength=&#8221;0.3&#8243; width=&#8221;1\/4&#8243; tablet_width_inherit=&#8221;default&#8221; tablet_text_alignment=&#8221;default&#8221; phone_text_alignment=&#8221;default&#8221; column_border_width=&#8221;none&#8221; column_border_style=&#8221;solid&#8221; bg_image_animation=&#8221;none&#8221;][divider line_type=&#8221;No Line&#8221; custom_height=&#8221;20&#8243;][image_with_animation image_url=&#8221;2259&#8243; animation=&#8221;Grow In&#8221; hover_animation=&#8221;none&#8221; alignment=&#8221;&#8221; img_link_target=&#8221;_blank&#8221; border_radius=&#8221;none&#8221; box_shadow=&#8221;none&#8221; image_loading=&#8221;default&#8221; max_width=&#8221;100%&#8221; max_width_mobile=&#8221;default&#8221; img_link=&#8221;https:\/\/mojebambino.pl\/12131\/Stojak-mobilny-na-poduszki-podwojny\/100937&#8243;][divider line_type=&#8221;No Line&#8221; custom_height=&#8221;10&#8243; custom_height_phone=&#8221;5&#8243;][heading]\n<h4 class=\"product-detail-name\"><a href=\"https:\/\/mojebambino.pl\/12131\/Stojak-mobilny-na-poduszki-podwojny\/100937\" target=\"_blank\" rel=\"noopener\">Stojak mobilny na poduszki<\/a><\/h4>\n[\/heading][\/vc_column][\/vc_row]\n","protected":false},"excerpt":{"rendered":"<p>[vc_row type=&#8221;full_width_content&#8221; full_screen_row_position=&#8221;middle&#8221; column_margin=&#8221;default&#8221; equal_height=&#8221;yes&#8221; column_direction=&#8221;default&#8221; column_direction_tablet=&#8221;default&#8221; column_direction_phone=&#8221;default&#8221; bg_color=&#8221;#fbd4b5&#8243; scene_position=&#8221;center&#8221; bottom_padding=&#8221;0&#8243; text_color=&#8221;dark&#8221; text_align=&#8221;left&#8221; row_border_radius=&#8221;none&#8221; row_border_radius_applies=&#8221;bg&#8221; overlay_strength=&#8221;0.3&#8243; gradient_direction=&#8221;left_to_right&#8221; shape_divider_position=&#8221;bottom&#8221; bg_image_animation=&#8221;none&#8221; shape_type=&#8221;&#8221;][vc_column column_padding=&#8221;no-extra-padding&#8221; column_padding_tablet=&#8221;inherit&#8221; column_padding_phone=&#8221;inherit&#8221; column_padding_position=&#8221;all&#8221; background_color_opacity=&#8221;1&#8243; background_hover_color_opacity=&#8221;1&#8243; column_shadow=&#8221;none&#8221; column_border_radius=&#8221;none&#8221; column_link_target=&#8221;_self&#8221; gradient_direction=&#8221;left_to_right&#8221;&#8230;<\/p>\n","protected":false},"author":2,"featured_media":0,"parent":0,"menu_order":0,"comment_status":"closed","ping_status":"closed","template":"","meta":{"footnotes":""},"yoast_head":"<!-- This site is optimized with the Yoast SEO plugin v23.0 - https:\/\/yoast.com\/wordpress\/plugins\/seo\/ -->\n<title>Przedszkole w Twardog\u00f3rze -<\/title>\n<meta name=\"robots\" content=\"index, follow, max-snippet:-1, max-image-preview:large, max-video-preview:-1\" \/>\n<link rel=\"canonical\" href=\"https:\/\/mojebambino.pl\/nasze-realizacje\/przedszkole-twardogora\/\" \/>\n<meta property=\"og:locale\" content=\"pl_PL\" \/>\n<meta property=\"og:type\" content=\"article\" \/>\n<meta property=\"og:title\" content=\"Przedszkole w Twardog\u00f3rze -\" \/>\n<meta property=\"og:description\" content=\"[vc_row type=&#8221;full_width_content&#8221; full_screen_row_position=&#8221;middle&#8221; column_margin=&#8221;default&#8221; equal_height=&#8221;yes&#8221; column_direction=&#8221;default&#8221; column_direction_tablet=&#8221;default&#8221; column_direction_phone=&#8221;default&#8221; bg_color=&#8221;#fbd4b5&#8243; scene_position=&#8221;center&#8221; bottom_padding=&#8221;0&#8243; text_color=&#8221;dark&#8221; text_align=&#8221;left&#8221; row_border_radius=&#8221;none&#8221; row_border_radius_applies=&#8221;bg&#8221; overlay_strength=&#8221;0.3&#8243; gradient_direction=&#8221;left_to_right&#8221; shape_divider_position=&#8221;bottom&#8221; bg_image_animation=&#8221;none&#8221; shape_type=&#8221;&#8221;][vc_column column_padding=&#8221;no-extra-padding&#8221; column_padding_tablet=&#8221;inherit&#8221; column_padding_phone=&#8221;inherit&#8221; column_padding_position=&#8221;all&#8221; background_color_opacity=&#8221;1&#8243; background_hover_color_opacity=&#8221;1&#8243; column_shadow=&#8221;none&#8221; column_border_radius=&#8221;none&#8221; column_link_target=&#8221;_self&#8221; gradient_direction=&#8221;left_to_right&#8221;...\" \/>\n<meta property=\"og:url\" content=\"https:\/\/mojebambino.pl\/nasze-realizacje\/przedszkole-twardogora\/\" \/>\n<meta property=\"article:modified_time\" content=\"2025-03-26T10:50:20+00:00\" \/>\n<meta name=\"twitter:card\" content=\"summary_large_image\" \/>\n<meta name=\"twitter:label1\" content=\"Szacowany czas czytania\" \/>\n\t<meta name=\"twitter:data1\" content=\"3 minuty\" \/>\n<script type=\"application\/ld+json\" class=\"yoast-schema-graph\">{\"@context\":\"https:\/\/schema.org\",\"@graph\":[{\"@type\":\"WebPage\",\"@id\":\"https:\/\/mojebambino.pl\/nasze-realizacje\/przedszkole-twardogora\/\",\"url\":\"https:\/\/mojebambino.pl\/nasze-realizacje\/przedszkole-twardogora\/\",\"name\":\"Przedszkole w Twardog\u00f3rze -\",\"isPartOf\":{\"@id\":\"https:\/\/mojebambino.pl\/nasze-realizacje\/#website\"},\"datePublished\":\"2025-03-25T14:23:59+00:00\",\"dateModified\":\"2025-03-26T10:50:20+00:00\",\"breadcrumb\":{\"@id\":\"https:\/\/mojebambino.pl\/nasze-realizacje\/przedszkole-twardogora\/#breadcrumb\"},\"inLanguage\":\"pl-PL\",\"potentialAction\":[{\"@type\":\"ReadAction\",\"target\":[\"https:\/\/mojebambino.pl\/nasze-realizacje\/przedszkole-twardogora\/\"]}]},{\"@type\":\"BreadcrumbList\",\"@id\":\"https:\/\/mojebambino.pl\/nasze-realizacje\/przedszkole-twardogora\/#breadcrumb\",\"itemListElement\":[{\"@type\":\"ListItem\",\"position\":1,\"name\":\"Strona g\u0142\u00f3wna\",\"item\":\"https:\/\/mojebambino.pl\/nasze-realizacje\/\"},{\"@type\":\"ListItem\",\"position\":2,\"name\":\"Przedszkole w Twardog\u00f3rze\"}]},{\"@type\":\"WebSite\",\"@id\":\"https:\/\/mojebambino.pl\/nasze-realizacje\/#website\",\"url\":\"https:\/\/mojebambino.pl\/nasze-realizacje\/\",\"name\":\"\",\"description\":\"\",\"potentialAction\":[{\"@type\":\"SearchAction\",\"target\":{\"@type\":\"EntryPoint\",\"urlTemplate\":\"https:\/\/mojebambino.pl\/nasze-realizacje\/?s={search_term_string}\"},\"query-input\":\"required name=search_term_string\"}],\"inLanguage\":\"pl-PL\"}]}<\/script>\n<!-- \/ Yoast SEO plugin. -->","yoast_head_json":{"title":"Przedszkole w Twardog\u00f3rze -","robots":{"index":"index","follow":"follow","max-snippet":"max-snippet:-1","max-image-preview":"max-image-preview:large","max-video-preview":"max-video-preview:-1"},"canonical":"https:\/\/mojebambino.pl\/nasze-realizacje\/przedszkole-twardogora\/","og_locale":"pl_PL","og_type":"article","og_title":"Przedszkole w Twardog\u00f3rze -","og_description":"[vc_row type=&#8221;full_width_content&#8221; full_screen_row_position=&#8221;middle&#8221; column_margin=&#8221;default&#8221; equal_height=&#8221;yes&#8221; column_direction=&#8221;default&#8221; column_direction_tablet=&#8221;default&#8221; column_direction_phone=&#8221;default&#8221; bg_color=&#8221;#fbd4b5&#8243; scene_position=&#8221;center&#8221; bottom_padding=&#8221;0&#8243; text_color=&#8221;dark&#8221; text_align=&#8221;left&#8221; row_border_radius=&#8221;none&#8221; row_border_radius_applies=&#8221;bg&#8221; overlay_strength=&#8221;0.3&#8243; gradient_direction=&#8221;left_to_right&#8221; shape_divider_position=&#8221;bottom&#8221; bg_image_animation=&#8221;none&#8221; shape_type=&#8221;&#8221;][vc_column column_padding=&#8221;no-extra-padding&#8221; column_padding_tablet=&#8221;inherit&#8221; column_padding_phone=&#8221;inherit&#8221; column_padding_position=&#8221;all&#8221; background_color_opacity=&#8221;1&#8243; background_hover_color_opacity=&#8221;1&#8243; column_shadow=&#8221;none&#8221; column_border_radius=&#8221;none&#8221; column_link_target=&#8221;_self&#8221; gradient_direction=&#8221;left_to_right&#8221;...","og_url":"https:\/\/mojebambino.pl\/nasze-realizacje\/przedszkole-twardogora\/","article_modified_time":"2025-03-26T10:50:20+00:00","twitter_card":"summary_large_image","twitter_misc":{"Szacowany czas czytania":"3 minuty"},"schema":{"@context":"https:\/\/schema.org","@graph":[{"@type":"WebPage","@id":"https:\/\/mojebambino.pl\/nasze-realizacje\/przedszkole-twardogora\/","url":"https:\/\/mojebambino.pl\/nasze-realizacje\/przedszkole-twardogora\/","name":"Przedszkole w Twardog\u00f3rze -","isPartOf":{"@id":"https:\/\/mojebambino.pl\/nasze-realizacje\/#website"},"datePublished":"2025-03-25T14:23:59+00:00","dateModified":"2025-03-26T10:50:20+00:00","breadcrumb":{"@id":"https:\/\/mojebambino.pl\/nasze-realizacje\/przedszkole-twardogora\/#breadcrumb"},"inLanguage":"pl-PL","potentialAction":[{"@type":"ReadAction","target":["https:\/\/mojebambino.pl\/nasze-realizacje\/przedszkole-twardogora\/"]}]},{"@type":"BreadcrumbList","@id":"https:\/\/mojebambino.pl\/nasze-realizacje\/przedszkole-twardogora\/#breadcrumb","itemListElement":[{"@type":"ListItem","position":1,"name":"Strona g\u0142\u00f3wna","item":"https:\/\/mojebambino.pl\/nasze-realizacje\/"},{"@type":"ListItem","position":2,"name":"Przedszkole w Twardog\u00f3rze"}]},{"@type":"WebSite","@id":"https:\/\/mojebambino.pl\/nasze-realizacje\/#website","url":"https:\/\/mojebambino.pl\/nasze-realizacje\/","name":"","description":"","potentialAction":[{"@type":"SearchAction","target":{"@type":"EntryPoint","urlTemplate":"https:\/\/mojebambino.pl\/nasze-realizacje\/?s={search_term_string}"},"query-input":"required name=search_term_string"}],"inLanguage":"pl-PL"}]}},"_links":{"self":[{"href":"https:\/\/mojebambino.pl\/nasze-realizacje\/wp-json\/wp\/v2\/pages\/2228"}],"collection":[{"href":"https:\/\/mojebambino.pl\/nasze-realizacje\/wp-json\/wp\/v2\/pages"}],"about":[{"href":"https:\/\/mojebambino.pl\/nasze-realizacje\/wp-json\/wp\/v2\/types\/page"}],"author":[{"embeddable":true,"href":"https:\/\/mojebambino.pl\/nasze-realizacje\/wp-json\/wp\/v2\/users\/2"}],"replies":[{"embeddable":true,"href":"https:\/\/mojebambino.pl\/nasze-realizacje\/wp-json\/wp\/v2\/comments?post=2228"}],"version-history":[{"count":12,"href":"https:\/\/mojebambino.pl\/nasze-realizacje\/wp-json\/wp\/v2\/pages\/2228\/revisions"}],"predecessor-version":[{"id":2267,"href":"https:\/\/mojebambino.pl\/nasze-realizacje\/wp-json\/wp\/v2\/pages\/2228\/revisions\/2267"}],"wp:attachment":[{"href":"https:\/\/mojebambino.pl\/nasze-realizacje\/wp-json\/wp\/v2\/media?parent=2228"}],"curies":[{"name":"wp","href":"https:\/\/api.w.org\/{rel}","templated":true}]}}