{"id":1885,"date":"2024-07-23T15:32:20","date_gmt":"2024-07-23T13:32:20","guid":{"rendered":"https:\/\/mojebambino.pl\/nasze-realizacje\/?page_id=1885"},"modified":"2024-08-28T14:30:33","modified_gmt":"2024-08-28T12:30:33","slug":"pracownia-przyrodnicza-w-zaborzu","status":"publish","type":"page","link":"https:\/\/mojebambino.pl\/nasze-realizacje\/pracownia-przyrodnicza-w-zaborzu\/","title":{"rendered":"Pracownia Przyrodnicza w Zaborzu"},"content":{"rendered":"[vc_row type=&#8221;full_width_content&#8221; full_screen_row_position=&#8221;middle&#8221; column_margin=&#8221;default&#8221; equal_height=&#8221;yes&#8221; column_direction=&#8221;default&#8221; column_direction_tablet=&#8221;default&#8221; column_direction_phone=&#8221;default&#8221; bg_color=&#8221;#d0bfc7&#8243; scene_position=&#8221;center&#8221; bottom_padding=&#8221;0&#8243; text_color=&#8221;dark&#8221; text_align=&#8221;left&#8221; row_border_radius=&#8221;none&#8221; row_border_radius_applies=&#8221;bg&#8221; overlay_strength=&#8221;0.3&#8243; gradient_direction=&#8221;left_to_right&#8221; shape_divider_position=&#8221;bottom&#8221; bg_image_animation=&#8221;none&#8221; shape_type=&#8221;&#8221;][vc_column column_padding=&#8221;no-extra-padding&#8221; column_padding_tablet=&#8221;inherit&#8221; column_padding_phone=&#8221;inherit&#8221; column_padding_position=&#8221;all&#8221; background_color_opacity=&#8221;1&#8243; background_hover_color_opacity=&#8221;1&#8243; column_shadow=&#8221;none&#8221; column_border_radius=&#8221;none&#8221; column_link_target=&#8221;_self&#8221; gradient_direction=&#8221;left_to_right&#8221; overlay_strength=&#8221;0.3&#8243; width=&#8221;1\/2&#8243; tablet_width_inherit=&#8221;default&#8221; tablet_text_alignment=&#8221;default&#8221; phone_text_alignment=&#8221;default&#8221; column_border_width=&#8221;none&#8221; column_border_style=&#8221;solid&#8221; bg_image_animation=&#8221;none&#8221;][vc_gallery type=&#8221;nectarslider_style&#8221; images=&#8221;1708,1707,1709,1715,1722,1717,1718,1713&#8243; image_loading=&#8221;default&#8221; bullet_navigation_style=&#8221;see_through&#8221; onclick=&#8221;link_image&#8221; img_size=&#8221;400X700&#8243;][\/vc_column][vc_column column_padding=&#8221;no-extra-padding&#8221; column_padding_tablet=&#8221;inherit&#8221; column_padding_phone=&#8221;inherit&#8221; column_padding_position=&#8221;all&#8221; background_color_opacity=&#8221;1&#8243; background_hover_color_opacity=&#8221;1&#8243; column_shadow=&#8221;none&#8221; column_border_radius=&#8221;none&#8221; column_link_target=&#8221;_self&#8221; gradient_direction=&#8221;left_to_right&#8221; overlay_strength=&#8221;0.3&#8243; width=&#8221;1\/2&#8243; tablet_width_inherit=&#8221;default&#8221; tablet_text_alignment=&#8221;default&#8221; phone_text_alignment=&#8221;default&#8221; column_border_width=&#8221;none&#8221; column_border_style=&#8221;solid&#8221; bg_image_animation=&#8221;fade-in&#8221; enable_animation=&#8221;true&#8221; animation=&#8221;fade-in&#8221; delay=&#8221;200&#8243;][divider line_type=&#8221;No Line&#8221; custom_height=&#8221;120&#8243;][vc_custom_heading text=&#8221;Pracownia Przyrodnicza w Zaborzu&#8221; font_container=&#8221;tag:h2|font_size:40|text_align:left&#8221; use_theme_fonts=&#8221;yes&#8221; css=&#8221;.vc_custom_1721739963242{padding-right: 80px !important;padding-left: 95px !important;}&#8221;][vc_column_text css=&#8221;.vc_custom_1724160416933{padding-top: 40px !important;padding-right: 100px !important;padding-bottom: 40px !important;padding-left: 100px !important;}&#8221;]<strong>Zielona pracownia dla edukacji ekologicznej.<\/strong><\/p>\n<p>Nowoczesna, w pe\u0142ni wyposa\u017cona pracownia przyrodnicza w Zespole Szkolno-Przedszkolnym w Zaborzu powsta\u0142a dzi\u0119ki wsparciu finansowemu, jakie plac\u00f3wka otrzyma\u0142a w ramach konkurs\u00f3w przeznaczonych dla szk\u00f3\u0142 podstawowych i \u015brednich wojew\u00f3dztwa \u015bl\u0105skiego: <strong>\u201e<\/strong>Zielona Pracownia_2022`projekt\u201d oraz \u201eZielona Pracownia`2022\u201d.<\/p>\n<p>Pracownia zosta\u0142a kompleksowo zaopatrzona w meble zakupione w Moje Bambino. Postawiono na wysokiej jako\u015bci bia\u0142e<a href=\"https:\/\/mojebambino.pl\/86245\/Stol-IN-R-70x50-rozm.-3-7-1os.-stelaz-aluminium-blat-bialy-obrzeze-ABS-narozniki-zaokraglone\/B9041-37-08-SP-1AMC03-PA-Z\" target=\"_blank\" rel=\"noopener\"><strong> sto\u0142y IN-R<\/strong><\/a>, szare <strong><a href=\"https:\/\/mojebambino.pl\/2380\/Krzeslo-Colores-rozm.-6-szare\/256090\" target=\"_blank\" rel=\"noopener\">krzes\u0142a Colores<\/a><\/strong> oraz rega\u0142y z <strong><a href=\"https:\/\/mojebambino.pl\/2485\/Kolekcja-mebli-Grande\" target=\"_blank\" rel=\"noopener\">kolekcji Grande<\/a><\/strong>. Wa\u017cnym elementem pracowni jest interaktywny monitor insGraf DIGITAL 65\u201d.[\/vc_column_text][\/vc_column][\/vc_row][vc_row type=&#8221;full_width_content&#8221; full_screen_row_position=&#8221;middle&#8221; column_margin=&#8221;default&#8221; column_direction=&#8221;default&#8221; column_direction_tablet=&#8221;default&#8221; column_direction_phone=&#8221;default&#8221; scene_position=&#8221;center&#8221; top_padding=&#8221;30&#8243; text_color=&#8221;dark&#8221; text_align=&#8221;left&#8221; row_border_radius=&#8221;none&#8221; row_border_radius_applies=&#8221;bg&#8221; overlay_strength=&#8221;0.3&#8243; gradient_direction=&#8221;left_to_right&#8221; shape_divider_position=&#8221;bottom&#8221; bg_image_animation=&#8221;none&#8221; shape_type=&#8221;&#8221;][vc_column column_padding=&#8221;no-extra-padding&#8221; column_padding_tablet=&#8221;inherit&#8221; column_padding_phone=&#8221;inherit&#8221; column_padding_position=&#8221;all&#8221; background_color_opacity=&#8221;1&#8243; background_hover_color_opacity=&#8221;1&#8243; column_shadow=&#8221;none&#8221; column_border_radius=&#8221;none&#8221; column_link_target=&#8221;_self&#8221; gradient_direction=&#8221;left_to_right&#8221; overlay_strength=&#8221;0.3&#8243; width=&#8221;1\/4&#8243; tablet_width_inherit=&#8221;default&#8221; tablet_text_alignment=&#8221;default&#8221; phone_text_alignment=&#8221;default&#8221; column_border_width=&#8221;none&#8221; column_border_style=&#8221;solid&#8221; bg_image_animation=&#8221;none&#8221;][divider line_type=&#8221;No Line&#8221; custom_height=&#8221;20&#8243;][image_with_animation image_url=&#8221;1876&#8243; animation=&#8221;Grow In&#8221; hover_animation=&#8221;none&#8221; alignment=&#8221;&#8221; img_link_target=&#8221;_blank&#8221; border_radius=&#8221;none&#8221; box_shadow=&#8221;none&#8221; image_loading=&#8221;default&#8221; max_width=&#8221;100%&#8221; max_width_mobile=&#8221;default&#8221; img_link=&#8221;https:\/\/mojebambino.pl\/2380\/Krzeslo-Colores-rozm.-6-szare\/256090&#8243;][divider line_type=&#8221;No Line&#8221; custom_height=&#8221;10&#8243; custom_height_tablet=&#8221;10&#8243; custom_height_phone=&#8221;5&#8243;][heading]\n<h4 style=\"text-align: center;\"><a href=\"https:\/\/mojebambino.pl\/2380\/Krzeslo-Colores-rozm.-6-szare\/256090\" target=\"_blank\" rel=\"noopener\">Krzese\u0142ko Colores<\/a><\/h4>\n[\/heading][\/vc_column][vc_column column_padding=&#8221;no-extra-padding&#8221; column_padding_tablet=&#8221;inherit&#8221; column_padding_phone=&#8221;inherit&#8221; column_padding_position=&#8221;all&#8221; background_color_opacity=&#8221;1&#8243; background_hover_color_opacity=&#8221;1&#8243; column_shadow=&#8221;none&#8221; column_border_radius=&#8221;none&#8221; column_link_target=&#8221;_self&#8221; gradient_direction=&#8221;left_to_right&#8221; overlay_strength=&#8221;0.3&#8243; width=&#8221;1\/4&#8243; tablet_width_inherit=&#8221;default&#8221; tablet_text_alignment=&#8221;default&#8221; phone_text_alignment=&#8221;default&#8221; column_border_width=&#8221;none&#8221; column_border_style=&#8221;solid&#8221; bg_image_animation=&#8221;none&#8221;][divider line_type=&#8221;No Line&#8221; custom_height=&#8221;20&#8243;][image_with_animation image_url=&#8221;1888&#8243; animation=&#8221;Grow In&#8221; hover_animation=&#8221;none&#8221; alignment=&#8221;&#8221; img_link_target=&#8221;_blank&#8221; border_radius=&#8221;none&#8221; box_shadow=&#8221;none&#8221; image_loading=&#8221;default&#8221; max_width=&#8221;100%&#8221; max_width_mobile=&#8221;default&#8221; img_link=&#8221;https:\/\/mojebambino.pl\/19406\/Monitor-interaktywny-insGraf-DIGITAL-FUTURE-65\/585022-0VAT&#8221;][divider line_type=&#8221;No Line&#8221; custom_height=&#8221;10&#8243; custom_height_phone=&#8221;5&#8243;][heading]\n<h4><a href=\"https:\/\/mojebambino.pl\/19406\/Monitor-interaktywny-insGraf-DIGITAL-FUTURE-65\/585022-0VAT\" target=\"_blank\" rel=\"noopener\">Monitor interaktywny<\/a><\/h4>\n[\/heading][\/vc_column][vc_column column_padding=&#8221;no-extra-padding&#8221; column_padding_tablet=&#8221;inherit&#8221; column_padding_phone=&#8221;inherit&#8221; column_padding_position=&#8221;all&#8221; background_color_opacity=&#8221;1&#8243; background_hover_color_opacity=&#8221;1&#8243; column_shadow=&#8221;none&#8221; column_border_radius=&#8221;none&#8221; column_link_target=&#8221;_self&#8221; gradient_direction=&#8221;left_to_right&#8221; overlay_strength=&#8221;0.3&#8243; width=&#8221;1\/4&#8243; tablet_width_inherit=&#8221;default&#8221; tablet_text_alignment=&#8221;default&#8221; phone_text_alignment=&#8221;default&#8221; column_border_width=&#8221;none&#8221; column_border_style=&#8221;solid&#8221; bg_image_animation=&#8221;none&#8221;][divider line_type=&#8221;No Line&#8221; custom_height=&#8221;20&#8243;][image_with_animation image_url=&#8221;1887&#8243; animation=&#8221;Grow In&#8221; hover_animation=&#8221;none&#8221; alignment=&#8221;&#8221; img_link_target=&#8221;_blank&#8221; border_radius=&#8221;none&#8221; box_shadow=&#8221;none&#8221; image_loading=&#8221;default&#8221; max_width=&#8221;100%&#8221; max_width_mobile=&#8221;default&#8221; img_link=&#8221;https:\/\/mojebambino.pl\/1108369\/Drzwi-Grande-srednie-90-st.-z-zamkiem-2-szt.-szare\/096875K&#8221;][divider line_type=&#8221;No Line&#8221; custom_height=&#8221;10&#8243;][heading]\n<h4><a href=\"https:\/\/mojebambino.pl\/1108369\/Drzwi-Grande-srednie-90-st.-z-zamkiem-2-szt.-szare\/096875K\" target=\"_blank\" rel=\"noopener\">Szafka Grande<\/a><\/h4>\n[\/heading][\/vc_column][vc_column column_padding=&#8221;no-extra-padding&#8221; column_padding_tablet=&#8221;inherit&#8221; column_padding_phone=&#8221;inherit&#8221; column_padding_position=&#8221;all&#8221; background_color_opacity=&#8221;1&#8243; background_hover_color_opacity=&#8221;1&#8243; column_shadow=&#8221;none&#8221; column_border_radius=&#8221;none&#8221; column_link_target=&#8221;_self&#8221; gradient_direction=&#8221;left_to_right&#8221; overlay_strength=&#8221;0.3&#8243; width=&#8221;1\/4&#8243; tablet_width_inherit=&#8221;default&#8221; tablet_text_alignment=&#8221;default&#8221; phone_text_alignment=&#8221;default&#8221; column_border_width=&#8221;none&#8221; column_border_style=&#8221;solid&#8221; bg_image_animation=&#8221;none&#8221;][divider line_type=&#8221;No Line&#8221; custom_height=&#8221;20&#8243;][image_with_animation image_url=&#8221;1891&#8243; animation=&#8221;Grow In&#8221; hover_animation=&#8221;none&#8221; alignment=&#8221;&#8221; img_link_target=&#8221;_blank&#8221; border_radius=&#8221;none&#8221; box_shadow=&#8221;none&#8221; image_loading=&#8221;default&#8221; max_width=&#8221;100%&#8221; max_width_mobile=&#8221;default&#8221; img_link=&#8221;https:\/\/mojebambino.pl\/9714\/Las-naklejka-wielokrotnego-uzytku\/079123&#8243;][divider line_type=&#8221;No Line&#8221; custom_height=&#8221;10&#8243; custom_height_phone=&#8221;5&#8243;][heading]\n<h4 class=\"product-detail-name\"><a href=\"https:\/\/mojebambino.pl\/9714\/Las-naklejka-wielokrotnego-uzytku\/079123\" target=\"_blank\" rel=\"noopener\">Naklejka las<\/a><\/h4>\n[\/heading][\/vc_column][\/vc_row]\n","protected":false},"excerpt":{"rendered":"<p>[vc_row type=&#8221;full_width_content&#8221; full_screen_row_position=&#8221;middle&#8221; column_margin=&#8221;default&#8221; equal_height=&#8221;yes&#8221; column_direction=&#8221;default&#8221; column_direction_tablet=&#8221;default&#8221; column_direction_phone=&#8221;default&#8221; bg_color=&#8221;#d0bfc7&#8243; scene_position=&#8221;center&#8221; bottom_padding=&#8221;0&#8243; text_color=&#8221;dark&#8221; text_align=&#8221;left&#8221; row_border_radius=&#8221;none&#8221; row_border_radius_applies=&#8221;bg&#8221; overlay_strength=&#8221;0.3&#8243; gradient_direction=&#8221;left_to_right&#8221; shape_divider_position=&#8221;bottom&#8221; bg_image_animation=&#8221;none&#8221; shape_type=&#8221;&#8221;][vc_column column_padding=&#8221;no-extra-padding&#8221; column_padding_tablet=&#8221;inherit&#8221; column_padding_phone=&#8221;inherit&#8221; column_padding_position=&#8221;all&#8221; background_color_opacity=&#8221;1&#8243; background_hover_color_opacity=&#8221;1&#8243; column_shadow=&#8221;none&#8221; column_border_radius=&#8221;none&#8221; column_link_target=&#8221;_self&#8221; gradient_direction=&#8221;left_to_right&#8221;&#8230;<\/p>\n","protected":false},"author":2,"featured_media":0,"parent":0,"menu_order":0,"comment_status":"closed","ping_status":"closed","template":"","meta":{"footnotes":""},"yoast_head":"<!-- This site is optimized with the Yoast SEO plugin v23.0 - https:\/\/yoast.com\/wordpress\/plugins\/seo\/ -->\n<title>Pracownia Przyrodnicza w Zaborzu -<\/title>\n<meta name=\"robots\" content=\"index, follow, max-snippet:-1, max-image-preview:large, max-video-preview:-1\" \/>\n<link rel=\"canonical\" href=\"https:\/\/mojebambino.pl\/nasze-realizacje\/pracownia-przyrodnicza-w-zaborzu\/\" \/>\n<meta property=\"og:locale\" content=\"pl_PL\" \/>\n<meta property=\"og:type\" content=\"article\" \/>\n<meta property=\"og:title\" content=\"Pracownia Przyrodnicza w Zaborzu -\" \/>\n<meta property=\"og:description\" content=\"[vc_row type=&#8221;full_width_content&#8221; full_screen_row_position=&#8221;middle&#8221; column_margin=&#8221;default&#8221; equal_height=&#8221;yes&#8221; column_direction=&#8221;default&#8221; column_direction_tablet=&#8221;default&#8221; column_direction_phone=&#8221;default&#8221; bg_color=&#8221;#d0bfc7&#8243; scene_position=&#8221;center&#8221; bottom_padding=&#8221;0&#8243; text_color=&#8221;dark&#8221; text_align=&#8221;left&#8221; row_border_radius=&#8221;none&#8221; row_border_radius_applies=&#8221;bg&#8221; overlay_strength=&#8221;0.3&#8243; gradient_direction=&#8221;left_to_right&#8221; shape_divider_position=&#8221;bottom&#8221; bg_image_animation=&#8221;none&#8221; shape_type=&#8221;&#8221;][vc_column column_padding=&#8221;no-extra-padding&#8221; column_padding_tablet=&#8221;inherit&#8221; column_padding_phone=&#8221;inherit&#8221; column_padding_position=&#8221;all&#8221; background_color_opacity=&#8221;1&#8243; background_hover_color_opacity=&#8221;1&#8243; column_shadow=&#8221;none&#8221; column_border_radius=&#8221;none&#8221; column_link_target=&#8221;_self&#8221; gradient_direction=&#8221;left_to_right&#8221;...\" \/>\n<meta property=\"og:url\" content=\"https:\/\/mojebambino.pl\/nasze-realizacje\/pracownia-przyrodnicza-w-zaborzu\/\" \/>\n<meta property=\"article:modified_time\" content=\"2024-08-28T12:30:33+00:00\" \/>\n<meta name=\"twitter:card\" content=\"summary_large_image\" \/>\n<meta name=\"twitter:label1\" content=\"Szacowany czas czytania\" \/>\n\t<meta name=\"twitter:data1\" content=\"3 minuty\" \/>\n<script type=\"application\/ld+json\" class=\"yoast-schema-graph\">{\"@context\":\"https:\/\/schema.org\",\"@graph\":[{\"@type\":\"WebPage\",\"@id\":\"https:\/\/mojebambino.pl\/nasze-realizacje\/pracownia-przyrodnicza-w-zaborzu\/\",\"url\":\"https:\/\/mojebambino.pl\/nasze-realizacje\/pracownia-przyrodnicza-w-zaborzu\/\",\"name\":\"Pracownia Przyrodnicza w Zaborzu -\",\"isPartOf\":{\"@id\":\"https:\/\/mojebambino.pl\/nasze-realizacje\/#website\"},\"datePublished\":\"2024-07-23T13:32:20+00:00\",\"dateModified\":\"2024-08-28T12:30:33+00:00\",\"breadcrumb\":{\"@id\":\"https:\/\/mojebambino.pl\/nasze-realizacje\/pracownia-przyrodnicza-w-zaborzu\/#breadcrumb\"},\"inLanguage\":\"pl-PL\",\"potentialAction\":[{\"@type\":\"ReadAction\",\"target\":[\"https:\/\/mojebambino.pl\/nasze-realizacje\/pracownia-przyrodnicza-w-zaborzu\/\"]}]},{\"@type\":\"BreadcrumbList\",\"@id\":\"https:\/\/mojebambino.pl\/nasze-realizacje\/pracownia-przyrodnicza-w-zaborzu\/#breadcrumb\",\"itemListElement\":[{\"@type\":\"ListItem\",\"position\":1,\"name\":\"Strona g\u0142\u00f3wna\",\"item\":\"https:\/\/mojebambino.pl\/nasze-realizacje\/\"},{\"@type\":\"ListItem\",\"position\":2,\"name\":\"Pracownia Przyrodnicza w Zaborzu\"}]},{\"@type\":\"WebSite\",\"@id\":\"https:\/\/mojebambino.pl\/nasze-realizacje\/#website\",\"url\":\"https:\/\/mojebambino.pl\/nasze-realizacje\/\",\"name\":\"\",\"description\":\"\",\"potentialAction\":[{\"@type\":\"SearchAction\",\"target\":{\"@type\":\"EntryPoint\",\"urlTemplate\":\"https:\/\/mojebambino.pl\/nasze-realizacje\/?s={search_term_string}\"},\"query-input\":\"required name=search_term_string\"}],\"inLanguage\":\"pl-PL\"}]}<\/script>\n<!-- \/ Yoast SEO plugin. -->","yoast_head_json":{"title":"Pracownia Przyrodnicza w Zaborzu -","robots":{"index":"index","follow":"follow","max-snippet":"max-snippet:-1","max-image-preview":"max-image-preview:large","max-video-preview":"max-video-preview:-1"},"canonical":"https:\/\/mojebambino.pl\/nasze-realizacje\/pracownia-przyrodnicza-w-zaborzu\/","og_locale":"pl_PL","og_type":"article","og_title":"Pracownia Przyrodnicza w Zaborzu -","og_description":"[vc_row type=&#8221;full_width_content&#8221; full_screen_row_position=&#8221;middle&#8221; column_margin=&#8221;default&#8221; equal_height=&#8221;yes&#8221; column_direction=&#8221;default&#8221; column_direction_tablet=&#8221;default&#8221; column_direction_phone=&#8221;default&#8221; bg_color=&#8221;#d0bfc7&#8243; scene_position=&#8221;center&#8221; bottom_padding=&#8221;0&#8243; text_color=&#8221;dark&#8221; text_align=&#8221;left&#8221; row_border_radius=&#8221;none&#8221; row_border_radius_applies=&#8221;bg&#8221; overlay_strength=&#8221;0.3&#8243; gradient_direction=&#8221;left_to_right&#8221; shape_divider_position=&#8221;bottom&#8221; bg_image_animation=&#8221;none&#8221; shape_type=&#8221;&#8221;][vc_column column_padding=&#8221;no-extra-padding&#8221; column_padding_tablet=&#8221;inherit&#8221; column_padding_phone=&#8221;inherit&#8221; column_padding_position=&#8221;all&#8221; background_color_opacity=&#8221;1&#8243; background_hover_color_opacity=&#8221;1&#8243; column_shadow=&#8221;none&#8221; column_border_radius=&#8221;none&#8221; column_link_target=&#8221;_self&#8221; gradient_direction=&#8221;left_to_right&#8221;...","og_url":"https:\/\/mojebambino.pl\/nasze-realizacje\/pracownia-przyrodnicza-w-zaborzu\/","article_modified_time":"2024-08-28T12:30:33+00:00","twitter_card":"summary_large_image","twitter_misc":{"Szacowany czas czytania":"3 minuty"},"schema":{"@context":"https:\/\/schema.org","@graph":[{"@type":"WebPage","@id":"https:\/\/mojebambino.pl\/nasze-realizacje\/pracownia-przyrodnicza-w-zaborzu\/","url":"https:\/\/mojebambino.pl\/nasze-realizacje\/pracownia-przyrodnicza-w-zaborzu\/","name":"Pracownia Przyrodnicza w Zaborzu -","isPartOf":{"@id":"https:\/\/mojebambino.pl\/nasze-realizacje\/#website"},"datePublished":"2024-07-23T13:32:20+00:00","dateModified":"2024-08-28T12:30:33+00:00","breadcrumb":{"@id":"https:\/\/mojebambino.pl\/nasze-realizacje\/pracownia-przyrodnicza-w-zaborzu\/#breadcrumb"},"inLanguage":"pl-PL","potentialAction":[{"@type":"ReadAction","target":["https:\/\/mojebambino.pl\/nasze-realizacje\/pracownia-przyrodnicza-w-zaborzu\/"]}]},{"@type":"BreadcrumbList","@id":"https:\/\/mojebambino.pl\/nasze-realizacje\/pracownia-przyrodnicza-w-zaborzu\/#breadcrumb","itemListElement":[{"@type":"ListItem","position":1,"name":"Strona g\u0142\u00f3wna","item":"https:\/\/mojebambino.pl\/nasze-realizacje\/"},{"@type":"ListItem","position":2,"name":"Pracownia Przyrodnicza w Zaborzu"}]},{"@type":"WebSite","@id":"https:\/\/mojebambino.pl\/nasze-realizacje\/#website","url":"https:\/\/mojebambino.pl\/nasze-realizacje\/","name":"","description":"","potentialAction":[{"@type":"SearchAction","target":{"@type":"EntryPoint","urlTemplate":"https:\/\/mojebambino.pl\/nasze-realizacje\/?s={search_term_string}"},"query-input":"required name=search_term_string"}],"inLanguage":"pl-PL"}]}},"_links":{"self":[{"href":"https:\/\/mojebambino.pl\/nasze-realizacje\/wp-json\/wp\/v2\/pages\/1885"}],"collection":[{"href":"https:\/\/mojebambino.pl\/nasze-realizacje\/wp-json\/wp\/v2\/pages"}],"about":[{"href":"https:\/\/mojebambino.pl\/nasze-realizacje\/wp-json\/wp\/v2\/types\/page"}],"author":[{"embeddable":true,"href":"https:\/\/mojebambino.pl\/nasze-realizacje\/wp-json\/wp\/v2\/users\/2"}],"replies":[{"embeddable":true,"href":"https:\/\/mojebambino.pl\/nasze-realizacje\/wp-json\/wp\/v2\/comments?post=1885"}],"version-history":[{"count":11,"href":"https:\/\/mojebambino.pl\/nasze-realizacje\/wp-json\/wp\/v2\/pages\/1885\/revisions"}],"predecessor-version":[{"id":2112,"href":"https:\/\/mojebambino.pl\/nasze-realizacje\/wp-json\/wp\/v2\/pages\/1885\/revisions\/2112"}],"wp:attachment":[{"href":"https:\/\/mojebambino.pl\/nasze-realizacje\/wp-json\/wp\/v2\/media?parent=1885"}],"curies":[{"name":"wp","href":"https:\/\/api.w.org\/{rel}","templated":true}]}}