{"id":1840,"date":"2024-07-18T15:59:24","date_gmt":"2024-07-18T13:59:24","guid":{"rendered":"https:\/\/mojebambino.pl\/nasze-realizacje\/?page_id=1840"},"modified":"2025-02-12T14:17:45","modified_gmt":"2025-02-12T13:17:45","slug":"przedszkole-w-gomunicach","status":"publish","type":"page","link":"https:\/\/mojebambino.pl\/nasze-realizacje\/przedszkole-w-gomunicach\/","title":{"rendered":"Przedszkole w Gomunicach"},"content":{"rendered":"[vc_row type=&#8221;full_width_content&#8221; full_screen_row_position=&#8221;middle&#8221; column_margin=&#8221;default&#8221; equal_height=&#8221;yes&#8221; column_direction=&#8221;default&#8221; column_direction_tablet=&#8221;default&#8221; column_direction_phone=&#8221;default&#8221; bg_color=&#8221;#fbd4b5&#8243; scene_position=&#8221;center&#8221; bottom_padding=&#8221;0&#8243; text_color=&#8221;dark&#8221; text_align=&#8221;left&#8221; row_border_radius=&#8221;none&#8221; row_border_radius_applies=&#8221;bg&#8221; overlay_strength=&#8221;0.3&#8243; gradient_direction=&#8221;left_to_right&#8221; shape_divider_position=&#8221;bottom&#8221; bg_image_animation=&#8221;none&#8221; shape_type=&#8221;&#8221;][vc_column column_padding=&#8221;no-extra-padding&#8221; column_padding_tablet=&#8221;inherit&#8221; column_padding_phone=&#8221;inherit&#8221; column_padding_position=&#8221;all&#8221; background_color_opacity=&#8221;1&#8243; background_hover_color_opacity=&#8221;1&#8243; column_shadow=&#8221;none&#8221; column_border_radius=&#8221;none&#8221; column_link_target=&#8221;_self&#8221; gradient_direction=&#8221;left_to_right&#8221; overlay_strength=&#8221;0.3&#8243; width=&#8221;1\/2&#8243; tablet_width_inherit=&#8221;default&#8221; tablet_text_alignment=&#8221;default&#8221; phone_text_alignment=&#8221;default&#8221; column_border_width=&#8221;none&#8221; column_border_style=&#8221;solid&#8221; bg_image_animation=&#8221;none&#8221;][vc_gallery type=&#8221;nectarslider_style&#8221; images=&#8221;1686,1685,1687,1688,1691,1690,1692,1684,1683,1659,1653,1644,1647,1646,1677,1661,1664,1652&#8243; image_loading=&#8221;default&#8221; bullet_navigation_style=&#8221;see_through&#8221; onclick=&#8221;link_image&#8221; img_size=&#8221;400X700&#8243;][\/vc_column][vc_column column_padding=&#8221;no-extra-padding&#8221; column_padding_tablet=&#8221;inherit&#8221; column_padding_phone=&#8221;inherit&#8221; column_padding_position=&#8221;all&#8221; background_color_opacity=&#8221;1&#8243; background_hover_color_opacity=&#8221;1&#8243; column_shadow=&#8221;none&#8221; column_border_radius=&#8221;none&#8221; column_link_target=&#8221;_self&#8221; gradient_direction=&#8221;left_to_right&#8221; overlay_strength=&#8221;0.3&#8243; width=&#8221;1\/2&#8243; tablet_width_inherit=&#8221;default&#8221; tablet_text_alignment=&#8221;default&#8221; phone_text_alignment=&#8221;default&#8221; column_border_width=&#8221;none&#8221; column_border_style=&#8221;solid&#8221; bg_image_animation=&#8221;fade-in&#8221; enable_animation=&#8221;true&#8221; animation=&#8221;fade-in&#8221; delay=&#8221;200&#8243;][divider line_type=&#8221;No Line&#8221; custom_height=&#8221;120&#8243;][vc_custom_heading text=&#8221;Przedszkole w Gomunicach&#8221; font_container=&#8221;tag:h2|font_size:40|text_align:left&#8221; use_theme_fonts=&#8221;yes&#8221; css=&#8221;.vc_custom_1721310819375{padding-right: 80px !important;padding-left: 95px !important;}&#8221;][vc_column_text css=&#8221;.vc_custom_1724152888654{padding-top: 40px !important;padding-right: 100px !important;padding-bottom: 40px !important;padding-left: 100px !important;}&#8221;]<strong>Kompleksowe wyposa\u017cenie stymuluj\u0105ce rozw\u00f3j przedszkolak\u00f3w<\/strong><\/p>\n<p>Nowe, pasywne przedszkole, kt\u00f3re powsta\u0142o w czerwcu 2022 w gminie Gomunice zosta\u0142o w pe\u0142ni wyposa\u017cone w produkty z oferty Moje Bambino. Nasze zestawy meblowe, <strong><a href=\"https:\/\/mojebambino.pl\/406\/Stoliki-i-blaty-przedszkolne\" target=\"_blank\" rel=\"noopener\">stoliki<\/a>, <\/strong><a href=\"https:\/\/mojebambino.pl\/622\/Krzesla-przedszkolne\" target=\"_blank\" rel=\"noopener\"><strong>krzese\u0142ka<\/strong><\/a>, <strong><a href=\"https:\/\/mojebambino.pl\/6819\/Siedziska-podesty\" target=\"_blank\" rel=\"noopener\">siedziska<\/a><\/strong>, <strong><a href=\"https:\/\/mojebambino.pl\/2435\/Materace-i-maty\" target=\"_blank\" rel=\"noopener\">materace<\/a><\/strong>, k\u0105ciki zabaw czy nowoczesne monitory idealnie komponuj\u0105 si\u0119 w nowoczesnych, ekologicznych wn\u0119trzach przedszkola. Kompleksowo wyposa\u017cyli\u015bmy sze\u015b\u0107 sal dydaktycznych z \u0142azienkami zachowuj\u0105c ich indywidualny charakter oparty na potrzebach dzieci. Dodatkowo nasze wyposa\u017cenie znalaz\u0142o si\u0119 w sali zaj\u0119\u0107 ruchowych i korekcyjnych, w pokoju dla pedagoga i logopedy, w szatni i kuchni. Zapraszamy do obejrzenia zdj\u0119\u0107 z realizacji.[\/vc_column_text][\/vc_column][\/vc_row][vc_row type=&#8221;full_width_content&#8221; full_screen_row_position=&#8221;middle&#8221; column_margin=&#8221;default&#8221; column_direction=&#8221;default&#8221; column_direction_tablet=&#8221;default&#8221; column_direction_phone=&#8221;default&#8221; scene_position=&#8221;center&#8221; top_padding=&#8221;40&#8243; text_color=&#8221;dark&#8221; text_align=&#8221;left&#8221; row_border_radius=&#8221;none&#8221; row_border_radius_applies=&#8221;bg&#8221; overlay_strength=&#8221;0.3&#8243; gradient_direction=&#8221;left_to_right&#8221; shape_divider_position=&#8221;bottom&#8221; bg_image_animation=&#8221;none&#8221; shape_type=&#8221;&#8221;][vc_column column_padding=&#8221;no-extra-padding&#8221; column_padding_tablet=&#8221;inherit&#8221; column_padding_phone=&#8221;inherit&#8221; column_padding_position=&#8221;all&#8221; background_color_opacity=&#8221;1&#8243; background_hover_color_opacity=&#8221;1&#8243; column_shadow=&#8221;none&#8221; column_border_radius=&#8221;none&#8221; column_link_target=&#8221;_self&#8221; gradient_direction=&#8221;left_to_right&#8221; overlay_strength=&#8221;0.3&#8243; width=&#8221;1\/4&#8243; tablet_width_inherit=&#8221;default&#8221; tablet_text_alignment=&#8221;default&#8221; phone_text_alignment=&#8221;default&#8221; column_border_width=&#8221;none&#8221; column_border_style=&#8221;solid&#8221; bg_image_animation=&#8221;none&#8221;][divider line_type=&#8221;No Line&#8221; custom_height=&#8221;20&#8243;][image_with_animation image_url=&#8221;2039&#8243; animation=&#8221;Fade In&#8221; hover_animation=&#8221;none&#8221; alignment=&#8221;&#8221; img_link_target=&#8221;_blank&#8221; border_radius=&#8221;none&#8221; box_shadow=&#8221;none&#8221; image_loading=&#8221;default&#8221; max_width=&#8221;100%&#8221; max_width_mobile=&#8221;default&#8221; img_link=&#8221;https:\/\/mojebambino.pl\/1117668\/Quadro-zestaw-Las-90-st.-cichy-domyk-klonowa-skrzynia\/SET6390S&#8221;][divider line_type=&#8221;No Line&#8221; custom_height=&#8221;10&#8243; custom_height_tablet=&#8221;10&#8243; custom_height_phone=&#8221;5&#8243;][heading]\n<h4 class=\"product-detail-name\"><a href=\"https:\/\/mojebambino.pl\/1117668\/Quadro-zestaw-Las-90-st.-cichy-domyk-klonowa-skrzynia\/SET6390S\" target=\"_blank\" rel=\"noopener\">Zestaw Las Quadro<\/a><\/h4>\n<h4 style=\"text-align: center;\"><\/h4>\n[\/heading][\/vc_column][vc_column column_padding=&#8221;no-extra-padding&#8221; column_padding_tablet=&#8221;inherit&#8221; column_padding_phone=&#8221;inherit&#8221; column_padding_position=&#8221;all&#8221; background_color_opacity=&#8221;1&#8243; background_hover_color_opacity=&#8221;1&#8243; column_shadow=&#8221;none&#8221; column_border_radius=&#8221;none&#8221; column_link_target=&#8221;_self&#8221; gradient_direction=&#8221;left_to_right&#8221; overlay_strength=&#8221;0.3&#8243; width=&#8221;1\/4&#8243; tablet_width_inherit=&#8221;default&#8221; tablet_text_alignment=&#8221;default&#8221; phone_text_alignment=&#8221;default&#8221; column_border_width=&#8221;none&#8221; column_border_style=&#8221;solid&#8221; bg_image_animation=&#8221;none&#8221;][divider line_type=&#8221;No Line&#8221; custom_height=&#8221;20&#8243;][image_with_animation image_url=&#8221;2058&#8243; animation=&#8221;Fade In&#8221; hover_animation=&#8221;none&#8221; alignment=&#8221;&#8221; img_link_target=&#8221;_blank&#8221; border_radius=&#8221;none&#8221; box_shadow=&#8221;none&#8221; image_loading=&#8221;default&#8221; max_width=&#8221;100%&#8221; max_width_mobile=&#8221;default&#8221; img_link=&#8221;https:\/\/mojebambino.pl\/10949\/Scianka-manipulacyjno-sensoryczna-laka-z-biedronka\/096621&#8243;][divider line_type=&#8221;No Line&#8221; custom_height=&#8221;10&#8243; custom_height_phone=&#8221;5&#8243;][heading]\n<h4><a href=\"https:\/\/mojebambino.pl\/10949\/Scianka-manipulacyjno-sensoryczna-laka-z-biedronka\/096621\" target=\"_blank\" rel=\"noopener\">\u015acianka manipulacyjna Las<\/a><\/h4>\n[\/heading][\/vc_column][vc_column column_padding=&#8221;no-extra-padding&#8221; column_padding_tablet=&#8221;inherit&#8221; column_padding_phone=&#8221;inherit&#8221; column_padding_position=&#8221;all&#8221; background_color_opacity=&#8221;1&#8243; background_hover_color_opacity=&#8221;1&#8243; column_shadow=&#8221;none&#8221; column_border_radius=&#8221;none&#8221; column_link_target=&#8221;_self&#8221; gradient_direction=&#8221;left_to_right&#8221; overlay_strength=&#8221;0.3&#8243; width=&#8221;1\/4&#8243; tablet_width_inherit=&#8221;default&#8221; tablet_text_alignment=&#8221;default&#8221; phone_text_alignment=&#8221;default&#8221; column_border_width=&#8221;none&#8221; column_border_style=&#8221;solid&#8221; bg_image_animation=&#8221;none&#8221;][divider line_type=&#8221;No Line&#8221; custom_height=&#8221;20&#8243;][image_with_animation image_url=&#8221;2060&#8243; animation=&#8221;Fade In&#8221; hover_animation=&#8221;none&#8221; alignment=&#8221;&#8221; img_link_target=&#8221;_blank&#8221; border_radius=&#8221;none&#8221; box_shadow=&#8221;none&#8221; image_loading=&#8221;default&#8221; max_width=&#8221;100%&#8221; max_width_mobile=&#8221;default&#8221; img_link=&#8221;https:\/\/mojebambino.pl\/16982\/Warsztat-budowniczego\/531063?&#8221;][divider line_type=&#8221;No Line&#8221; custom_height=&#8221;10&#8243;][heading]\n<h4><a href=\"https:\/\/mojebambino.pl\/16982\/Warsztat-budowniczego\/531063?\" target=\"_blank\" rel=\"noopener\">Warsztat Budowniczego\u00a0<\/a><\/h4>\n[\/heading][\/vc_column][vc_column column_padding=&#8221;no-extra-padding&#8221; column_padding_tablet=&#8221;inherit&#8221; column_padding_phone=&#8221;inherit&#8221; column_padding_position=&#8221;all&#8221; background_color_opacity=&#8221;1&#8243; background_hover_color_opacity=&#8221;1&#8243; column_shadow=&#8221;none&#8221; column_border_radius=&#8221;none&#8221; column_link_target=&#8221;_self&#8221; gradient_direction=&#8221;left_to_right&#8221; overlay_strength=&#8221;0.3&#8243; width=&#8221;1\/4&#8243; tablet_width_inherit=&#8221;default&#8221; tablet_text_alignment=&#8221;default&#8221; phone_text_alignment=&#8221;default&#8221; column_border_width=&#8221;none&#8221; column_border_style=&#8221;solid&#8221; bg_image_animation=&#8221;none&#8221;][divider line_type=&#8221;No Line&#8221; custom_height=&#8221;20&#8243;][image_with_animation image_url=&#8221;2061&#8243; animation=&#8221;Fade In&#8221; hover_animation=&#8221;none&#8221; alignment=&#8221;&#8221; img_link_target=&#8221;_blank&#8221; border_radius=&#8221;none&#8221; box_shadow=&#8221;none&#8221; image_loading=&#8221;default&#8221; max_width=&#8221;100%&#8221; max_width_mobile=&#8221;default&#8221; img_link=&#8221;https:\/\/mojebambino.pl\/1119984\/Krzeslo-Colores-obrotowe-z-reg.-wys.-niebieskie\/256089&#8243;][divider line_type=&#8221;No Line&#8221; custom_height=&#8221;10&#8243; custom_height_phone=&#8221;5&#8243;][heading]\n<h4 class=\"product-detail-name\" style=\"text-align: center;\"><a href=\"https:\/\/mojebambino.pl\/1119984\/Krzeslo-Colores-obrotowe-z-reg.-wys.-niebieskie\/256089\" target=\"_blank\" rel=\"noopener\">Krzes\u0142o obrotowe Colores<\/a><\/h4>\n[\/heading][\/vc_column][\/vc_row]\n","protected":false},"excerpt":{"rendered":"<p>[vc_row type=&#8221;full_width_content&#8221; full_screen_row_position=&#8221;middle&#8221; column_margin=&#8221;default&#8221; equal_height=&#8221;yes&#8221; column_direction=&#8221;default&#8221; column_direction_tablet=&#8221;default&#8221; column_direction_phone=&#8221;default&#8221; bg_color=&#8221;#fbd4b5&#8243; scene_position=&#8221;center&#8221; bottom_padding=&#8221;0&#8243; text_color=&#8221;dark&#8221; text_align=&#8221;left&#8221; row_border_radius=&#8221;none&#8221; row_border_radius_applies=&#8221;bg&#8221; overlay_strength=&#8221;0.3&#8243; gradient_direction=&#8221;left_to_right&#8221; shape_divider_position=&#8221;bottom&#8221; bg_image_animation=&#8221;none&#8221; shape_type=&#8221;&#8221;][vc_column column_padding=&#8221;no-extra-padding&#8221; column_padding_tablet=&#8221;inherit&#8221; column_padding_phone=&#8221;inherit&#8221; column_padding_position=&#8221;all&#8221; background_color_opacity=&#8221;1&#8243; background_hover_color_opacity=&#8221;1&#8243; column_shadow=&#8221;none&#8221; column_border_radius=&#8221;none&#8221; column_link_target=&#8221;_self&#8221; gradient_direction=&#8221;left_to_right&#8221;&#8230;<\/p>\n","protected":false},"author":2,"featured_media":0,"parent":0,"menu_order":0,"comment_status":"closed","ping_status":"closed","template":"","meta":{"footnotes":""},"yoast_head":"<!-- This site is optimized with the Yoast SEO plugin v23.0 - https:\/\/yoast.com\/wordpress\/plugins\/seo\/ -->\n<title>Przedszkole w Gomunicach -<\/title>\n<meta name=\"description\" content=\"Realizacja sali przedszkolnej w przedszkolu. - kompleksowe wyposa\u017cenie i pomoce naukowe. Od projektu do realizacji. Poznaj nasze realizacje\" \/>\n<meta name=\"robots\" content=\"index, follow, max-snippet:-1, max-image-preview:large, max-video-preview:-1\" \/>\n<link rel=\"canonical\" href=\"https:\/\/mojebambino.pl\/nasze-realizacje\/przedszkole-w-gomunicach\/\" \/>\n<meta property=\"og:locale\" content=\"pl_PL\" \/>\n<meta property=\"og:type\" content=\"article\" \/>\n<meta property=\"og:title\" content=\"Przedszkole w Gomunicach -\" \/>\n<meta property=\"og:description\" content=\"Realizacja sali przedszkolnej w przedszkolu. - kompleksowe wyposa\u017cenie i pomoce naukowe. Od projektu do realizacji. Poznaj nasze realizacje\" \/>\n<meta property=\"og:url\" content=\"https:\/\/mojebambino.pl\/nasze-realizacje\/przedszkole-w-gomunicach\/\" \/>\n<meta property=\"article:modified_time\" content=\"2025-02-12T13:17:45+00:00\" \/>\n<meta name=\"twitter:card\" content=\"summary_large_image\" \/>\n<meta name=\"twitter:label1\" content=\"Szacowany czas czytania\" \/>\n\t<meta name=\"twitter:data1\" content=\"3 minuty\" \/>\n<script type=\"application\/ld+json\" class=\"yoast-schema-graph\">{\"@context\":\"https:\/\/schema.org\",\"@graph\":[{\"@type\":\"WebPage\",\"@id\":\"https:\/\/mojebambino.pl\/nasze-realizacje\/przedszkole-w-gomunicach\/\",\"url\":\"https:\/\/mojebambino.pl\/nasze-realizacje\/przedszkole-w-gomunicach\/\",\"name\":\"Przedszkole w Gomunicach -\",\"isPartOf\":{\"@id\":\"https:\/\/mojebambino.pl\/nasze-realizacje\/#website\"},\"datePublished\":\"2024-07-18T13:59:24+00:00\",\"dateModified\":\"2025-02-12T13:17:45+00:00\",\"description\":\"Realizacja sali przedszkolnej w przedszkolu. - kompleksowe wyposa\u017cenie i pomoce naukowe. Od projektu do realizacji. Poznaj nasze realizacje\",\"breadcrumb\":{\"@id\":\"https:\/\/mojebambino.pl\/nasze-realizacje\/przedszkole-w-gomunicach\/#breadcrumb\"},\"inLanguage\":\"pl-PL\",\"potentialAction\":[{\"@type\":\"ReadAction\",\"target\":[\"https:\/\/mojebambino.pl\/nasze-realizacje\/przedszkole-w-gomunicach\/\"]}]},{\"@type\":\"BreadcrumbList\",\"@id\":\"https:\/\/mojebambino.pl\/nasze-realizacje\/przedszkole-w-gomunicach\/#breadcrumb\",\"itemListElement\":[{\"@type\":\"ListItem\",\"position\":1,\"name\":\"Strona g\u0142\u00f3wna\",\"item\":\"https:\/\/mojebambino.pl\/nasze-realizacje\/\"},{\"@type\":\"ListItem\",\"position\":2,\"name\":\"Przedszkole w Gomunicach\"}]},{\"@type\":\"WebSite\",\"@id\":\"https:\/\/mojebambino.pl\/nasze-realizacje\/#website\",\"url\":\"https:\/\/mojebambino.pl\/nasze-realizacje\/\",\"name\":\"\",\"description\":\"\",\"potentialAction\":[{\"@type\":\"SearchAction\",\"target\":{\"@type\":\"EntryPoint\",\"urlTemplate\":\"https:\/\/mojebambino.pl\/nasze-realizacje\/?s={search_term_string}\"},\"query-input\":\"required name=search_term_string\"}],\"inLanguage\":\"pl-PL\"}]}<\/script>\n<!-- \/ Yoast SEO plugin. -->","yoast_head_json":{"title":"Przedszkole w Gomunicach -","description":"Realizacja sali przedszkolnej w przedszkolu. - kompleksowe wyposa\u017cenie i pomoce naukowe. Od projektu do realizacji. Poznaj nasze realizacje","robots":{"index":"index","follow":"follow","max-snippet":"max-snippet:-1","max-image-preview":"max-image-preview:large","max-video-preview":"max-video-preview:-1"},"canonical":"https:\/\/mojebambino.pl\/nasze-realizacje\/przedszkole-w-gomunicach\/","og_locale":"pl_PL","og_type":"article","og_title":"Przedszkole w Gomunicach -","og_description":"Realizacja sali przedszkolnej w przedszkolu. - kompleksowe wyposa\u017cenie i pomoce naukowe. Od projektu do realizacji. Poznaj nasze realizacje","og_url":"https:\/\/mojebambino.pl\/nasze-realizacje\/przedszkole-w-gomunicach\/","article_modified_time":"2025-02-12T13:17:45+00:00","twitter_card":"summary_large_image","twitter_misc":{"Szacowany czas czytania":"3 minuty"},"schema":{"@context":"https:\/\/schema.org","@graph":[{"@type":"WebPage","@id":"https:\/\/mojebambino.pl\/nasze-realizacje\/przedszkole-w-gomunicach\/","url":"https:\/\/mojebambino.pl\/nasze-realizacje\/przedszkole-w-gomunicach\/","name":"Przedszkole w Gomunicach -","isPartOf":{"@id":"https:\/\/mojebambino.pl\/nasze-realizacje\/#website"},"datePublished":"2024-07-18T13:59:24+00:00","dateModified":"2025-02-12T13:17:45+00:00","description":"Realizacja sali przedszkolnej w przedszkolu. - kompleksowe wyposa\u017cenie i pomoce naukowe. Od projektu do realizacji. Poznaj nasze realizacje","breadcrumb":{"@id":"https:\/\/mojebambino.pl\/nasze-realizacje\/przedszkole-w-gomunicach\/#breadcrumb"},"inLanguage":"pl-PL","potentialAction":[{"@type":"ReadAction","target":["https:\/\/mojebambino.pl\/nasze-realizacje\/przedszkole-w-gomunicach\/"]}]},{"@type":"BreadcrumbList","@id":"https:\/\/mojebambino.pl\/nasze-realizacje\/przedszkole-w-gomunicach\/#breadcrumb","itemListElement":[{"@type":"ListItem","position":1,"name":"Strona g\u0142\u00f3wna","item":"https:\/\/mojebambino.pl\/nasze-realizacje\/"},{"@type":"ListItem","position":2,"name":"Przedszkole w Gomunicach"}]},{"@type":"WebSite","@id":"https:\/\/mojebambino.pl\/nasze-realizacje\/#website","url":"https:\/\/mojebambino.pl\/nasze-realizacje\/","name":"","description":"","potentialAction":[{"@type":"SearchAction","target":{"@type":"EntryPoint","urlTemplate":"https:\/\/mojebambino.pl\/nasze-realizacje\/?s={search_term_string}"},"query-input":"required name=search_term_string"}],"inLanguage":"pl-PL"}]}},"_links":{"self":[{"href":"https:\/\/mojebambino.pl\/nasze-realizacje\/wp-json\/wp\/v2\/pages\/1840"}],"collection":[{"href":"https:\/\/mojebambino.pl\/nasze-realizacje\/wp-json\/wp\/v2\/pages"}],"about":[{"href":"https:\/\/mojebambino.pl\/nasze-realizacje\/wp-json\/wp\/v2\/types\/page"}],"author":[{"embeddable":true,"href":"https:\/\/mojebambino.pl\/nasze-realizacje\/wp-json\/wp\/v2\/users\/2"}],"replies":[{"embeddable":true,"href":"https:\/\/mojebambino.pl\/nasze-realizacje\/wp-json\/wp\/v2\/comments?post=1840"}],"version-history":[{"count":10,"href":"https:\/\/mojebambino.pl\/nasze-realizacje\/wp-json\/wp\/v2\/pages\/1840\/revisions"}],"predecessor-version":[{"id":2063,"href":"https:\/\/mojebambino.pl\/nasze-realizacje\/wp-json\/wp\/v2\/pages\/1840\/revisions\/2063"}],"wp:attachment":[{"href":"https:\/\/mojebambino.pl\/nasze-realizacje\/wp-json\/wp\/v2\/media?parent=1840"}],"curies":[{"name":"wp","href":"https:\/\/api.w.org\/{rel}","templated":true}]}}