{"id":1781,"date":"2024-07-17T12:34:58","date_gmt":"2024-07-17T10:34:58","guid":{"rendered":"https:\/\/mojebambino.pl\/nasze-realizacje\/?page_id=1781"},"modified":"2025-09-30T15:11:25","modified_gmt":"2025-09-30T13:11:25","slug":"zlobek","status":"publish","type":"page","link":"https:\/\/mojebambino.pl\/nasze-realizacje\/zlobek\/","title":{"rendered":"\u017b\u0142obek"},"content":{"rendered":"[vc_row type=&#8221;in_container&#8221; full_screen_row_position=&#8221;middle&#8221; column_margin=&#8221;default&#8221; column_direction=&#8221;default&#8221; column_direction_tablet=&#8221;default&#8221; column_direction_phone=&#8221;default&#8221; scene_position=&#8221;center&#8221; text_color=&#8221;dark&#8221; text_align=&#8221;left&#8221; row_border_radius=&#8221;none&#8221; row_border_radius_applies=&#8221;bg&#8221; overlay_strength=&#8221;0.3&#8243; gradient_direction=&#8221;left_to_right&#8221; shape_divider_position=&#8221;bottom&#8221; bg_image_animation=&#8221;none&#8221;][vc_column column_padding=&#8221;no-extra-padding&#8221; column_padding_tablet=&#8221;inherit&#8221; column_padding_phone=&#8221;inherit&#8221; column_padding_position=&#8221;all&#8221; background_color_opacity=&#8221;1&#8243; background_hover_color_opacity=&#8221;1&#8243; column_shadow=&#8221;none&#8221; column_border_radius=&#8221;none&#8221; column_link_target=&#8221;_self&#8221; gradient_direction=&#8221;left_to_right&#8221; overlay_strength=&#8221;0.3&#8243; width=&#8221;1\/1&#8243; tablet_width_inherit=&#8221;default&#8221; tablet_text_alignment=&#8221;default&#8221; phone_text_alignment=&#8221;default&#8221; column_border_width=&#8221;none&#8221; column_border_style=&#8221;solid&#8221; bg_image_animation=&#8221;none&#8221;][vc_custom_heading text=&#8221;Nasze aran\u017cacje sal \u017c\u0142obkowych&#8221; font_container=&#8221;tag:h2|text_align:center&#8221; use_theme_fonts=&#8221;yes&#8221; css_animation=&#8221;fadeInDown&#8221;][divider line_type=&#8221;Full Width Line&#8221; line_thickness=&#8221;1&#8243; divider_color=&#8221;default&#8221; custom_height=&#8221;20&#8243;][\/vc_column][\/vc_row][vc_row type=&#8221;in_container&#8221; full_screen_row_position=&#8221;middle&#8221; column_margin=&#8221;default&#8221; column_direction=&#8221;default&#8221; column_direction_tablet=&#8221;default&#8221; column_direction_phone=&#8221;default&#8221; scene_position=&#8221;center&#8221; text_color=&#8221;dark&#8221; text_align=&#8221;left&#8221; row_border_radius=&#8221;none&#8221; row_border_radius_applies=&#8221;bg&#8221; overlay_strength=&#8221;0.3&#8243; gradient_direction=&#8221;left_to_right&#8221; shape_divider_position=&#8221;bottom&#8221; bg_image_animation=&#8221;none&#8221;][vc_column column_padding=&#8221;no-extra-padding&#8221; column_padding_tablet=&#8221;inherit&#8221; column_padding_phone=&#8221;inherit&#8221; column_padding_position=&#8221;all&#8221; background_color_opacity=&#8221;1&#8243; background_hover_color_opacity=&#8221;1&#8243; column_shadow=&#8221;none&#8221; column_border_radius=&#8221;none&#8221; column_link_target=&#8221;_self&#8221; gradient_direction=&#8221;left_to_right&#8221; overlay_strength=&#8221;0.3&#8243; width=&#8221;1\/3&#8243; tablet_width_inherit=&#8221;default&#8221; tablet_text_alignment=&#8221;default&#8221; phone_text_alignment=&#8221;default&#8221; column_border_width=&#8221;none&#8221; column_border_style=&#8221;solid&#8221; bg_image_animation=&#8221;none&#8221;][fancy_box box_style=&#8221;hover_desc&#8221; icon_family=&#8221;linea&#8221; image_url=&#8221;2167&#8243; hover_color=&#8221;extra-color-3&#8243; hover_color_custom=&#8221;#ffffff&#8221; box_alignment=&#8221;left&#8221; hover_desc_bg_animation=&#8221;long_zoom&#8221; border_radius=&#8221;default&#8221; image_loading=&#8221;default&#8221; icon_linea=&#8221;icon-arrows-down&#8221; icon_size=&#8221;20&#8243; link_url=&#8221;https:\/\/mojebambino.pl\/nasze-realizacje\/gminny-zlobek-w-przytocznie\/&#8221;]\n<h5 class=\"vc_custom_heading vc_custom_1721221224397\">Klub Dzieci\u0119cy w Przytocznej<\/h5>\n[\/fancy_box][divider line_type=&#8221;No Line&#8221; custom_height=&#8221;20&#8243;][fancy_box box_style=&#8221;hover_desc&#8221; icon_family=&#8221;linea&#8221; image_url=&#8221;2199&#8243; hover_color=&#8221;extra-color-1&#8243; hover_color_custom=&#8221;#ffffff&#8221; box_alignment=&#8221;left&#8221; hover_desc_bg_animation=&#8221;long_zoom&#8221; border_radius=&#8221;default&#8221; image_loading=&#8221;default&#8221; icon_linea=&#8221;icon-arrows-down&#8221; icon_size=&#8221;20&#8243; link_url=&#8221;https:\/\/mojebambino.pl\/nasze-realizacje\/gminny-zlobek-w-slonsku\/&#8221;]\n<h5 style=\"text-align: left;\">\u017b\u0142obek w S\u0142o\u0144sku<\/h5>\n[\/fancy_box][divider line_type=&#8221;No Line&#8221; custom_height=&#8221;20&#8243;][fancy_box box_style=&#8221;hover_desc&#8221; icon_family=&#8221;linea&#8221; image_url=&#8221;1820&#8243; hover_color=&#8221;extra-color-3&#8243; hover_color_custom=&#8221;#ffffff&#8221; box_alignment=&#8221;left&#8221; hover_desc_bg_animation=&#8221;long_zoom&#8221; border_radius=&#8221;default&#8221; image_loading=&#8221;default&#8221; icon_linea=&#8221;icon-arrows-down&#8221; icon_size=&#8221;20&#8243; link_url=&#8221;https:\/\/mojebambino.pl\/nasze-realizacje\/gminny-zlobek-w-makowie\/&#8221;]\n<h5 class=\"vc_custom_heading vc_custom_1721221224397\">Gminny \u017b\u0142obek w Makowie<\/h5>\n[\/fancy_box][\/vc_column][vc_column column_padding=&#8221;no-extra-padding&#8221; column_padding_tablet=&#8221;inherit&#8221; column_padding_phone=&#8221;inherit&#8221; column_padding_position=&#8221;all&#8221; background_color_opacity=&#8221;1&#8243; background_hover_color_opacity=&#8221;1&#8243; column_shadow=&#8221;none&#8221; column_border_radius=&#8221;none&#8221; column_link_target=&#8221;_self&#8221; gradient_direction=&#8221;left_to_right&#8221; overlay_strength=&#8221;0.3&#8243; width=&#8221;1\/3&#8243; tablet_width_inherit=&#8221;default&#8221; tablet_text_alignment=&#8221;default&#8221; phone_text_alignment=&#8221;default&#8221; column_border_width=&#8221;none&#8221; column_border_style=&#8221;solid&#8221; bg_image_animation=&#8221;none&#8221;][fancy_box box_style=&#8221;hover_desc&#8221; icon_family=&#8221;linea&#8221; image_url=&#8221;2094&#8243; hover_color=&#8221;extra-color-1&#8243; hover_color_custom=&#8221;#ffffff&#8221; box_alignment=&#8221;left&#8221; hover_desc_bg_animation=&#8221;long_zoom&#8221; border_radius=&#8221;default&#8221; image_loading=&#8221;default&#8221; icon_linea=&#8221;icon-arrows-down&#8221; icon_size=&#8221;20&#8243; link_url=&#8221;https:\/\/mojebambino.pl\/nasze-realizacje\/gminny-zlobek-w-skawinie\/&#8221;]\n<h5 style=\"text-align: left;\">\u017b\u0142obek w Skawinie<\/h5>\n[\/fancy_box][divider line_type=&#8221;No Line&#8221; custom_height=&#8221;20&#8243;][fancy_box box_style=&#8221;hover_desc&#8221; icon_family=&#8221;linea&#8221; image_url=&#8221;1785&#8243; hover_color=&#8221;extra-color-1&#8243; hover_color_custom=&#8221;#ffffff&#8221; box_alignment=&#8221;left&#8221; hover_desc_bg_animation=&#8221;long_zoom&#8221; border_radius=&#8221;default&#8221; image_loading=&#8221;default&#8221; icon_linea=&#8221;icon-arrows-down&#8221; icon_size=&#8221;20&#8243; link_url=&#8221;https:\/\/mojebambino.pl\/nasze-realizacje\/lobez\/&#8221;]\n<h5 style=\"text-align: left;\">\u017b\u0142obek w \u0141obeziu<\/h5>\n[\/fancy_box][\/vc_column][vc_column column_padding=&#8221;no-extra-padding&#8221; column_padding_tablet=&#8221;inherit&#8221; column_padding_phone=&#8221;inherit&#8221; column_padding_position=&#8221;all&#8221; background_color_opacity=&#8221;1&#8243; background_hover_color_opacity=&#8221;1&#8243; column_shadow=&#8221;none&#8221; column_border_radius=&#8221;none&#8221; column_link_target=&#8221;_self&#8221; gradient_direction=&#8221;left_to_right&#8221; overlay_strength=&#8221;0.3&#8243; width=&#8221;1\/3&#8243; tablet_width_inherit=&#8221;default&#8221; tablet_text_alignment=&#8221;default&#8221; phone_text_alignment=&#8221;default&#8221; column_border_width=&#8221;none&#8221; column_border_style=&#8221;solid&#8221; bg_image_animation=&#8221;none&#8221;][fancy_box box_style=&#8221;hover_desc&#8221; icon_family=&#8221;linea&#8221; image_url=&#8221;2396&#8243; hover_color=&#8221;extra-color-3&#8243; hover_color_custom=&#8221;#ffffff&#8221; box_alignment=&#8221;left&#8221; hover_desc_bg_animation=&#8221;long_zoom&#8221; border_radius=&#8221;default&#8221; image_loading=&#8221;default&#8221; icon_linea=&#8221;icon-arrows-down&#8221; icon_size=&#8221;20&#8243; link_url=&#8221;https:\/\/mojebambino.pl\/nasze-realizacje\/wesole-smyki-lomza\/&#8221;]\n<h5 class=\"vc_custom_heading vc_custom_1721221224397\">\u017b\u0142obek Weso\u0142e Smyki<\/h5>\n[\/fancy_box][divider line_type=&#8221;No Line&#8221; custom_height=&#8221;20&#8243;][fancy_box box_style=&#8221;hover_desc&#8221; icon_family=&#8221;linea&#8221; image_url=&#8221;1914&#8243; hover_color=&#8221;extra-color-1&#8243; hover_color_custom=&#8221;#ffffff&#8221; box_alignment=&#8221;left&#8221; hover_desc_bg_animation=&#8221;long_zoom&#8221; border_radius=&#8221;default&#8221; image_loading=&#8221;default&#8221; icon_linea=&#8221;icon-arrows-down&#8221; icon_size=&#8221;20&#8243; link_url=&#8221;https:\/\/mojebambino.pl\/nasze-realizacje\/przedszkole-w-chotomowie\/&#8221;]\n<h5 class=\"vc_custom_heading vc_custom_1721221224397\">\u017b\u0142obek w Chotomowie<\/h5>\n[\/fancy_box][\/vc_column][\/vc_row]\n","protected":false},"excerpt":{"rendered":"<p>[vc_row type=&#8221;in_container&#8221; full_screen_row_position=&#8221;middle&#8221; column_margin=&#8221;default&#8221; column_direction=&#8221;default&#8221; column_direction_tablet=&#8221;default&#8221; column_direction_phone=&#8221;default&#8221; scene_position=&#8221;center&#8221; text_color=&#8221;dark&#8221; text_align=&#8221;left&#8221; row_border_radius=&#8221;none&#8221; row_border_radius_applies=&#8221;bg&#8221; overlay_strength=&#8221;0.3&#8243; gradient_direction=&#8221;left_to_right&#8221; shape_divider_position=&#8221;bottom&#8221; bg_image_animation=&#8221;none&#8221;][vc_column column_padding=&#8221;no-extra-padding&#8221; column_padding_tablet=&#8221;inherit&#8221; column_padding_phone=&#8221;inherit&#8221; column_padding_position=&#8221;all&#8221; background_color_opacity=&#8221;1&#8243; background_hover_color_opacity=&#8221;1&#8243; column_shadow=&#8221;none&#8221; column_border_radius=&#8221;none&#8221; column_link_target=&#8221;_self&#8221; gradient_direction=&#8221;left_to_right&#8221; overlay_strength=&#8221;0.3&#8243; width=&#8221;1\/1&#8243; tablet_width_inherit=&#8221;default&#8221; tablet_text_alignment=&#8221;default&#8221;&#8230;<\/p>\n","protected":false},"author":2,"featured_media":0,"parent":0,"menu_order":0,"comment_status":"closed","ping_status":"closed","template":"","meta":{"footnotes":""},"yoast_head":"<!-- This site is optimized with the Yoast SEO plugin v23.0 - https:\/\/yoast.com\/wordpress\/plugins\/seo\/ -->\n<title>\u017b\u0142obek - realizacje przestrzeni \u017c\u0142obkowych - zdj\u0119cia plac\u00f3wek<\/title>\n<meta name=\"description\" content=\"Przepi\u0119kne przestrzenie, kt\u00f3re mo\u017cesz znale\u017a\u0107 w ca\u0142ej Polsce. Zainspiruj si\u0119 i stw\u00f3rz swoja wymarzon\u0105 plac\u00f3wk\u0119.\" \/>\n<meta name=\"robots\" content=\"index, follow, max-snippet:-1, max-image-preview:large, max-video-preview:-1\" \/>\n<link rel=\"canonical\" href=\"https:\/\/mojebambino.pl\/nasze-realizacje\/zlobek\/\" \/>\n<meta property=\"og:locale\" content=\"pl_PL\" \/>\n<meta property=\"og:type\" content=\"article\" \/>\n<meta property=\"og:title\" content=\"\u017b\u0142obek - realizacje przestrzeni \u017c\u0142obkowych - zdj\u0119cia plac\u00f3wek\" \/>\n<meta property=\"og:description\" content=\"Przepi\u0119kne przestrzenie, kt\u00f3re mo\u017cesz znale\u017a\u0107 w ca\u0142ej Polsce. Zainspiruj si\u0119 i stw\u00f3rz swoja wymarzon\u0105 plac\u00f3wk\u0119.\" \/>\n<meta property=\"og:url\" content=\"https:\/\/mojebambino.pl\/nasze-realizacje\/zlobek\/\" \/>\n<meta property=\"article:modified_time\" content=\"2025-09-30T13:11:25+00:00\" \/>\n<meta name=\"twitter:card\" content=\"summary_large_image\" \/>\n<meta name=\"twitter:label1\" content=\"Szacowany czas czytania\" \/>\n\t<meta name=\"twitter:data1\" content=\"2 minuty\" \/>\n<script type=\"application\/ld+json\" class=\"yoast-schema-graph\">{\"@context\":\"https:\/\/schema.org\",\"@graph\":[{\"@type\":\"WebPage\",\"@id\":\"https:\/\/mojebambino.pl\/nasze-realizacje\/zlobek\/\",\"url\":\"https:\/\/mojebambino.pl\/nasze-realizacje\/zlobek\/\",\"name\":\"\u017b\u0142obek - realizacje przestrzeni \u017c\u0142obkowych - zdj\u0119cia plac\u00f3wek\",\"isPartOf\":{\"@id\":\"https:\/\/mojebambino.pl\/nasze-realizacje\/#website\"},\"datePublished\":\"2024-07-17T10:34:58+00:00\",\"dateModified\":\"2025-09-30T13:11:25+00:00\",\"description\":\"Przepi\u0119kne przestrzenie, kt\u00f3re mo\u017cesz znale\u017a\u0107 w ca\u0142ej Polsce. Zainspiruj si\u0119 i stw\u00f3rz swoja wymarzon\u0105 plac\u00f3wk\u0119.\",\"breadcrumb\":{\"@id\":\"https:\/\/mojebambino.pl\/nasze-realizacje\/zlobek\/#breadcrumb\"},\"inLanguage\":\"pl-PL\",\"potentialAction\":[{\"@type\":\"ReadAction\",\"target\":[\"https:\/\/mojebambino.pl\/nasze-realizacje\/zlobek\/\"]}]},{\"@type\":\"BreadcrumbList\",\"@id\":\"https:\/\/mojebambino.pl\/nasze-realizacje\/zlobek\/#breadcrumb\",\"itemListElement\":[{\"@type\":\"ListItem\",\"position\":1,\"name\":\"Strona g\u0142\u00f3wna\",\"item\":\"https:\/\/mojebambino.pl\/nasze-realizacje\/\"},{\"@type\":\"ListItem\",\"position\":2,\"name\":\"\u017b\u0142obek\"}]},{\"@type\":\"WebSite\",\"@id\":\"https:\/\/mojebambino.pl\/nasze-realizacje\/#website\",\"url\":\"https:\/\/mojebambino.pl\/nasze-realizacje\/\",\"name\":\"\",\"description\":\"\",\"potentialAction\":[{\"@type\":\"SearchAction\",\"target\":{\"@type\":\"EntryPoint\",\"urlTemplate\":\"https:\/\/mojebambino.pl\/nasze-realizacje\/?s={search_term_string}\"},\"query-input\":\"required name=search_term_string\"}],\"inLanguage\":\"pl-PL\"}]}<\/script>\n<!-- \/ Yoast SEO plugin. -->","yoast_head_json":{"title":"\u017b\u0142obek - realizacje przestrzeni \u017c\u0142obkowych - zdj\u0119cia plac\u00f3wek","description":"Przepi\u0119kne przestrzenie, kt\u00f3re mo\u017cesz znale\u017a\u0107 w ca\u0142ej Polsce. Zainspiruj si\u0119 i stw\u00f3rz swoja wymarzon\u0105 plac\u00f3wk\u0119.","robots":{"index":"index","follow":"follow","max-snippet":"max-snippet:-1","max-image-preview":"max-image-preview:large","max-video-preview":"max-video-preview:-1"},"canonical":"https:\/\/mojebambino.pl\/nasze-realizacje\/zlobek\/","og_locale":"pl_PL","og_type":"article","og_title":"\u017b\u0142obek - realizacje przestrzeni \u017c\u0142obkowych - zdj\u0119cia plac\u00f3wek","og_description":"Przepi\u0119kne przestrzenie, kt\u00f3re mo\u017cesz znale\u017a\u0107 w ca\u0142ej Polsce. Zainspiruj si\u0119 i stw\u00f3rz swoja wymarzon\u0105 plac\u00f3wk\u0119.","og_url":"https:\/\/mojebambino.pl\/nasze-realizacje\/zlobek\/","article_modified_time":"2025-09-30T13:11:25+00:00","twitter_card":"summary_large_image","twitter_misc":{"Szacowany czas czytania":"2 minuty"},"schema":{"@context":"https:\/\/schema.org","@graph":[{"@type":"WebPage","@id":"https:\/\/mojebambino.pl\/nasze-realizacje\/zlobek\/","url":"https:\/\/mojebambino.pl\/nasze-realizacje\/zlobek\/","name":"\u017b\u0142obek - realizacje przestrzeni \u017c\u0142obkowych - zdj\u0119cia plac\u00f3wek","isPartOf":{"@id":"https:\/\/mojebambino.pl\/nasze-realizacje\/#website"},"datePublished":"2024-07-17T10:34:58+00:00","dateModified":"2025-09-30T13:11:25+00:00","description":"Przepi\u0119kne przestrzenie, kt\u00f3re mo\u017cesz znale\u017a\u0107 w ca\u0142ej Polsce. Zainspiruj si\u0119 i stw\u00f3rz swoja wymarzon\u0105 plac\u00f3wk\u0119.","breadcrumb":{"@id":"https:\/\/mojebambino.pl\/nasze-realizacje\/zlobek\/#breadcrumb"},"inLanguage":"pl-PL","potentialAction":[{"@type":"ReadAction","target":["https:\/\/mojebambino.pl\/nasze-realizacje\/zlobek\/"]}]},{"@type":"BreadcrumbList","@id":"https:\/\/mojebambino.pl\/nasze-realizacje\/zlobek\/#breadcrumb","itemListElement":[{"@type":"ListItem","position":1,"name":"Strona g\u0142\u00f3wna","item":"https:\/\/mojebambino.pl\/nasze-realizacje\/"},{"@type":"ListItem","position":2,"name":"\u017b\u0142obek"}]},{"@type":"WebSite","@id":"https:\/\/mojebambino.pl\/nasze-realizacje\/#website","url":"https:\/\/mojebambino.pl\/nasze-realizacje\/","name":"","description":"","potentialAction":[{"@type":"SearchAction","target":{"@type":"EntryPoint","urlTemplate":"https:\/\/mojebambino.pl\/nasze-realizacje\/?s={search_term_string}"},"query-input":"required name=search_term_string"}],"inLanguage":"pl-PL"}]}},"_links":{"self":[{"href":"https:\/\/mojebambino.pl\/nasze-realizacje\/wp-json\/wp\/v2\/pages\/1781"}],"collection":[{"href":"https:\/\/mojebambino.pl\/nasze-realizacje\/wp-json\/wp\/v2\/pages"}],"about":[{"href":"https:\/\/mojebambino.pl\/nasze-realizacje\/wp-json\/wp\/v2\/types\/page"}],"author":[{"embeddable":true,"href":"https:\/\/mojebambino.pl\/nasze-realizacje\/wp-json\/wp\/v2\/users\/2"}],"replies":[{"embeddable":true,"href":"https:\/\/mojebambino.pl\/nasze-realizacje\/wp-json\/wp\/v2\/comments?post=1781"}],"version-history":[{"count":18,"href":"https:\/\/mojebambino.pl\/nasze-realizacje\/wp-json\/wp\/v2\/pages\/1781\/revisions"}],"predecessor-version":[{"id":1851,"href":"https:\/\/mojebambino.pl\/nasze-realizacje\/wp-json\/wp\/v2\/pages\/1781\/revisions\/1851"}],"wp:attachment":[{"href":"https:\/\/mojebambino.pl\/nasze-realizacje\/wp-json\/wp\/v2\/media?parent=1781"}],"curies":[{"name":"wp","href":"https:\/\/api.w.org\/{rel}","templated":true}]}}