{"id":13,"date":"2018-08-10T10:22:22","date_gmt":"2018-08-10T08:22:22","guid":{"rendered":"http:\/\/mojebambino.pl\/blog\/?page_id=13"},"modified":"2018-08-20T11:00:16","modified_gmt":"2018-08-20T09:00:16","slug":"o-nas","status":"publish","type":"page","link":"https:\/\/mojebambino.pl\/blog\/index.php\/o-nas\/","title":{"rendered":"O nas"},"content":{"rendered":"<p><strong>Blog Moje Bambino<\/strong> stworzony z my\u015bl\u0105 o wsparciu i integracji m\u0142odych nauczycieli, wszystkich tych, kt\u00f3rzy dopiero zaczynaj\u0105 swoja karier\u0119 zawodow\u0105.<\/p>\n<p>Miejsce dla siebie znajdzie tutaj ka\u017cdy, kto dopiero raczkuje w zawodzie i poszukuje pomocnych wskaz\u00f3wek, inspiracji do zabaw, polecanych\u00a0 dobrych produkt\u00f3w, pomys\u0142\u00f3w na prace plastyczne czy darmowych gotowych materia\u0142\u00f3w edukacyjnych do pobrania. Nie zabraknie r\u00f3wnie\u017c wsparcia merytorycznego oraz ciekawych historii \u201ez \u017cycia nauczyciela\u201d!<\/p>\n<p>Blog skierowany jest przede wszystkim do nauczycieli edukacji przedszkolnej i wczesnoszkolnej przedszkolnych i szkolnych, lecz je\u015bli jeste\u015b logoped\u0105, terapeut\u0105, niani\u0105, animatorem, rodzicem, lub po prostu pracujesz z dzie\u0107mi, to na pewno znajdziesz tutaj co\u015b dla siebie!<\/p>\n<p><strong><u>Dlaczego My?<\/u><\/strong><\/p>\n<ul>\n<li>Kto lepiej zrozumie pedagoga ni\u017c drugi pedagog?<\/li>\n<li>Blog prowadzony z pasj\u0105 i dla pasji<\/li>\n<li>Znajdziesz tutaj tylko sprawdzone i przetestowane pomys\u0142y<\/li>\n<li>Jeste\u015bmy skarbnic\u0105 inspiracji do pracy<\/li>\n<li>Damy Ci cenne wskaz\u00f3wki do efektywnej pracy<\/li>\n<li>B\u0119dziesz na bie\u017c\u0105co z ciekawymi pomocami dydaktycznymi<\/li>\n<\/ul>\n<p><img fetchpriority=\"high\" decoding=\"async\" class=\"alignnone size-full wp-image-64\" src=\"http:\/\/mojebambino.pl\/blog\/wp-content\/uploads\/2018\/08\/logo-na-bialym-tle3.png\" alt=\"\" width=\"508\" height=\"214\" srcset=\"https:\/\/mojebambino.pl\/blog\/wp-content\/uploads\/2018\/08\/logo-na-bialym-tle3.png 508w, https:\/\/mojebambino.pl\/blog\/wp-content\/uploads\/2018\/08\/logo-na-bialym-tle3-300x126.png 300w\" sizes=\"(max-width: 508px) 100vw, 508px\" \/><\/p>\n","protected":false},"excerpt":{"rendered":"<p>Blog Moje Bambino stworzony z my\u015bl\u0105 o wsparciu i integracji m\u0142odych nauczycieli, wszystkich tych, kt\u00f3rzy dopiero zaczynaj\u0105 swoja karier\u0119 zawodow\u0105. Miejsce dla siebie znajdzie tutaj ka\u017cdy, kto dopiero raczkuje w&#8230;<\/p>\n","protected":false},"author":2,"featured_media":0,"parent":0,"menu_order":0,"comment_status":"closed","ping_status":"closed","template":"","meta":{"footnotes":""},"yoast_head":"<!-- This site is optimized with the Yoast SEO plugin v21.9.1 - https:\/\/yoast.com\/wordpress\/plugins\/seo\/ -->\n<title>O nas - Blog - porady pedagogiczne<\/title>\n<meta name=\"robots\" content=\"index, follow, max-snippet:-1, max-image-preview:large, max-video-preview:-1\" \/>\n<link rel=\"canonical\" href=\"https:\/\/mojebambino.pl\/blog\/index.php\/o-nas\/\" \/>\n<meta property=\"og:locale\" content=\"pl_PL\" \/>\n<meta property=\"og:type\" content=\"article\" \/>\n<meta property=\"og:title\" content=\"O nas - Blog - porady pedagogiczne\" \/>\n<meta property=\"og:description\" content=\"Blog Moje Bambino stworzony z my\u015bl\u0105 o wsparciu i integracji m\u0142odych nauczycieli, wszystkich tych, kt\u00f3rzy dopiero zaczynaj\u0105 swoja karier\u0119 zawodow\u0105. Miejsce dla siebie znajdzie tutaj ka\u017cdy, kto dopiero raczkuje w...\" \/>\n<meta property=\"og:url\" content=\"https:\/\/mojebambino.pl\/blog\/index.php\/o-nas\/\" \/>\n<meta property=\"og:site_name\" content=\"Blog - porady pedagogiczne\" \/>\n<meta property=\"article:modified_time\" content=\"2018-08-20T09:00:16+00:00\" \/>\n<meta property=\"og:image\" content=\"http:\/\/mojebambino.pl\/blog\/wp-content\/uploads\/2018\/08\/logo-na-bialym-tle3.png\" \/>\n<meta name=\"twitter:card\" content=\"summary_large_image\" \/>\n<meta name=\"twitter:label1\" content=\"Szacowany czas czytania\" \/>\n\t<meta name=\"twitter:data1\" content=\"1 minuta\" \/>\n<script type=\"application\/ld+json\" class=\"yoast-schema-graph\">{\"@context\":\"https:\/\/schema.org\",\"@graph\":[{\"@type\":\"WebPage\",\"@id\":\"https:\/\/mojebambino.pl\/blog\/index.php\/o-nas\/\",\"url\":\"https:\/\/mojebambino.pl\/blog\/index.php\/o-nas\/\",\"name\":\"O nas - Blog - porady pedagogiczne\",\"isPartOf\":{\"@id\":\"https:\/\/mojebambino.pl\/blog\/#website\"},\"datePublished\":\"2018-08-10T08:22:22+00:00\",\"dateModified\":\"2018-08-20T09:00:16+00:00\",\"breadcrumb\":{\"@id\":\"https:\/\/mojebambino.pl\/blog\/index.php\/o-nas\/#breadcrumb\"},\"inLanguage\":\"pl-PL\",\"potentialAction\":[{\"@type\":\"ReadAction\",\"target\":[\"https:\/\/mojebambino.pl\/blog\/index.php\/o-nas\/\"]}]},{\"@type\":\"BreadcrumbList\",\"@id\":\"https:\/\/mojebambino.pl\/blog\/index.php\/o-nas\/#breadcrumb\",\"itemListElement\":[{\"@type\":\"ListItem\",\"position\":1,\"name\":\"Home\",\"item\":\"https:\/\/mojebambino.pl\/blog\/\"},{\"@type\":\"ListItem\",\"position\":2,\"name\":\"O nas\"}]},{\"@type\":\"WebSite\",\"@id\":\"https:\/\/mojebambino.pl\/blog\/#website\",\"url\":\"https:\/\/mojebambino.pl\/blog\/\",\"name\":\"Blog - porady pedagogiczne\",\"description\":\"\",\"publisher\":{\"@id\":\"https:\/\/mojebambino.pl\/blog\/#organization\"},\"potentialAction\":[{\"@type\":\"SearchAction\",\"target\":{\"@type\":\"EntryPoint\",\"urlTemplate\":\"https:\/\/mojebambino.pl\/blog\/?s={search_term_string}\"},\"query-input\":\"required name=search_term_string\"}],\"inLanguage\":\"pl-PL\"},{\"@type\":\"Organization\",\"@id\":\"https:\/\/mojebambino.pl\/blog\/#organization\",\"name\":\"Blog - porady pedagogiczne\",\"url\":\"https:\/\/mojebambino.pl\/blog\/\",\"logo\":{\"@type\":\"ImageObject\",\"inLanguage\":\"pl-PL\",\"@id\":\"https:\/\/mojebambino.pl\/blog\/#\/schema\/logo\/image\/\",\"url\":\"https:\/\/mojebambino.pl\/blog\/wp-content\/uploads\/2024\/11\/cropped-MOJE_BAMBINO_LOGO.png\",\"contentUrl\":\"https:\/\/mojebambino.pl\/blog\/wp-content\/uploads\/2024\/11\/cropped-MOJE_BAMBINO_LOGO.png\",\"width\":248,\"height\":103,\"caption\":\"Blog - porady pedagogiczne\"},\"image\":{\"@id\":\"https:\/\/mojebambino.pl\/blog\/#\/schema\/logo\/image\/\"}}]}<\/script>\n<!-- \/ Yoast SEO plugin. -->","yoast_head_json":{"title":"O nas - Blog - porady pedagogiczne","robots":{"index":"index","follow":"follow","max-snippet":"max-snippet:-1","max-image-preview":"max-image-preview:large","max-video-preview":"max-video-preview:-1"},"canonical":"https:\/\/mojebambino.pl\/blog\/index.php\/o-nas\/","og_locale":"pl_PL","og_type":"article","og_title":"O nas - Blog - porady pedagogiczne","og_description":"Blog Moje Bambino stworzony z my\u015bl\u0105 o wsparciu i integracji m\u0142odych nauczycieli, wszystkich tych, kt\u00f3rzy dopiero zaczynaj\u0105 swoja karier\u0119 zawodow\u0105. Miejsce dla siebie znajdzie tutaj ka\u017cdy, kto dopiero raczkuje w...","og_url":"https:\/\/mojebambino.pl\/blog\/index.php\/o-nas\/","og_site_name":"Blog - porady pedagogiczne","article_modified_time":"2018-08-20T09:00:16+00:00","og_image":[{"url":"http:\/\/mojebambino.pl\/blog\/wp-content\/uploads\/2018\/08\/logo-na-bialym-tle3.png"}],"twitter_card":"summary_large_image","twitter_misc":{"Szacowany czas czytania":"1 minuta"},"schema":{"@context":"https:\/\/schema.org","@graph":[{"@type":"WebPage","@id":"https:\/\/mojebambino.pl\/blog\/index.php\/o-nas\/","url":"https:\/\/mojebambino.pl\/blog\/index.php\/o-nas\/","name":"O nas - Blog - porady pedagogiczne","isPartOf":{"@id":"https:\/\/mojebambino.pl\/blog\/#website"},"datePublished":"2018-08-10T08:22:22+00:00","dateModified":"2018-08-20T09:00:16+00:00","breadcrumb":{"@id":"https:\/\/mojebambino.pl\/blog\/index.php\/o-nas\/#breadcrumb"},"inLanguage":"pl-PL","potentialAction":[{"@type":"ReadAction","target":["https:\/\/mojebambino.pl\/blog\/index.php\/o-nas\/"]}]},{"@type":"BreadcrumbList","@id":"https:\/\/mojebambino.pl\/blog\/index.php\/o-nas\/#breadcrumb","itemListElement":[{"@type":"ListItem","position":1,"name":"Home","item":"https:\/\/mojebambino.pl\/blog\/"},{"@type":"ListItem","position":2,"name":"O nas"}]},{"@type":"WebSite","@id":"https:\/\/mojebambino.pl\/blog\/#website","url":"https:\/\/mojebambino.pl\/blog\/","name":"Blog - porady pedagogiczne","description":"","publisher":{"@id":"https:\/\/mojebambino.pl\/blog\/#organization"},"potentialAction":[{"@type":"SearchAction","target":{"@type":"EntryPoint","urlTemplate":"https:\/\/mojebambino.pl\/blog\/?s={search_term_string}"},"query-input":"required name=search_term_string"}],"inLanguage":"pl-PL"},{"@type":"Organization","@id":"https:\/\/mojebambino.pl\/blog\/#organization","name":"Blog - porady pedagogiczne","url":"https:\/\/mojebambino.pl\/blog\/","logo":{"@type":"ImageObject","inLanguage":"pl-PL","@id":"https:\/\/mojebambino.pl\/blog\/#\/schema\/logo\/image\/","url":"https:\/\/mojebambino.pl\/blog\/wp-content\/uploads\/2024\/11\/cropped-MOJE_BAMBINO_LOGO.png","contentUrl":"https:\/\/mojebambino.pl\/blog\/wp-content\/uploads\/2024\/11\/cropped-MOJE_BAMBINO_LOGO.png","width":248,"height":103,"caption":"Blog - porady pedagogiczne"},"image":{"@id":"https:\/\/mojebambino.pl\/blog\/#\/schema\/logo\/image\/"}}]}},"_links":{"self":[{"href":"https:\/\/mojebambino.pl\/blog\/index.php\/wp-json\/wp\/v2\/pages\/13"}],"collection":[{"href":"https:\/\/mojebambino.pl\/blog\/index.php\/wp-json\/wp\/v2\/pages"}],"about":[{"href":"https:\/\/mojebambino.pl\/blog\/index.php\/wp-json\/wp\/v2\/types\/page"}],"author":[{"embeddable":true,"href":"https:\/\/mojebambino.pl\/blog\/index.php\/wp-json\/wp\/v2\/users\/2"}],"replies":[{"embeddable":true,"href":"https:\/\/mojebambino.pl\/blog\/index.php\/wp-json\/wp\/v2\/comments?post=13"}],"version-history":[{"count":4,"href":"https:\/\/mojebambino.pl\/blog\/index.php\/wp-json\/wp\/v2\/pages\/13\/revisions"}],"predecessor-version":[{"id":162,"href":"https:\/\/mojebambino.pl\/blog\/index.php\/wp-json\/wp\/v2\/pages\/13\/revisions\/162"}],"wp:attachment":[{"href":"https:\/\/mojebambino.pl\/blog\/index.php\/wp-json\/wp\/v2\/media?parent=13"}],"curies":[{"name":"wp","href":"https:\/\/api.w.org\/{rel}","templated":true}]}}