{"id":687,"date":"2022-03-28T09:16:42","date_gmt":"2022-03-28T07:16:42","guid":{"rendered":"https:\/\/mojebambino.pl\/bambinoplay\/?page_id=687"},"modified":"2024-06-18T14:15:47","modified_gmt":"2024-06-18T12:15:47","slug":"pobieranie-pomysl-na-wychowawcza","status":"publish","type":"page","link":"https:\/\/mojebambino.pl\/bambinoplay\/pobieranie-pomysl-na-wychowawcza\/","title":{"rendered":"Pobieranie Pomys\u0142 na wychowawcz\u0105"},"content":{"rendered":"[vc_row type=&#8221;full_width_background&#8221; full_screen_row_position=&#8221;middle&#8221; equal_height=&#8221;yes&#8221; content_placement=&#8221;middle&#8221; column_margin=&#8221;default&#8221; scene_position=&#8221;center&#8221; text_color=&#8221;light&#8221; text_align=&#8221;left&#8221; top_padding=&#8221;2%&#8221; bottom_padding=&#8221;2%&#8221; color_overlay=&#8221;#ffffff&#8221; overlay_strength=&#8221;0.95&#8243; shape_divider_position=&#8221;bottom&#8221; bg_image_animation=&#8221;none&#8221; shape_type=&#8221;&#8221;][vc_column column_padding=&#8221;no-extra-padding&#8221; column_padding_position=&#8221;all&#8221; background_color_opacity=&#8221;1&#8243; background_hover_color_opacity=&#8221;1&#8243; column_link_target=&#8221;_self&#8221; column_shadow=&#8221;none&#8221; column_border_radius=&#8221;none&#8221; width=&#8221;1\/1&#8243; tablet_width_inherit=&#8221;default&#8221; tablet_text_alignment=&#8221;default&#8221; phone_text_alignment=&#8221;default&#8221; overlay_strength=&#8221;0.3&#8243; column_border_width=&#8221;none&#8221; column_border_style=&#8221;solid&#8221; bg_image_animation=&#8221;none&#8221;][vc_row_inner column_margin=&#8221;default&#8221; text_align=&#8221;left&#8221;][vc_column_inner column_padding=&#8221;no-extra-padding&#8221; column_padding_position=&#8221;all&#8221; background_color_opacity=&#8221;1&#8243; background_hover_color_opacity=&#8221;1&#8243; column_shadow=&#8221;none&#8221; column_border_radius=&#8221;none&#8221; column_link_target=&#8221;_self&#8221; width=&#8221;1\/6&#8243; tablet_width_inherit=&#8221;default&#8221; overlay_strength=&#8221;0.3&#8243; column_border_width=&#8221;none&#8221; column_border_style=&#8221;solid&#8221; bg_image_animation=&#8221;none&#8221;][\/vc_column_inner][vc_column_inner column_padding=&#8221;padding-2-percent&#8221; column_padding_position=&#8221;left-right&#8221; centered_text=&#8221;true&#8221; background_color_opacity=&#8221;1&#8243; background_hover_color_opacity=&#8221;1&#8243; column_shadow=&#8221;none&#8221; column_border_radius=&#8221;none&#8221; column_link_target=&#8221;_self&#8221; width=&#8221;2\/3&#8243; tablet_width_inherit=&#8221;default&#8221; overlay_strength=&#8221;0.3&#8243; column_border_width=&#8221;none&#8221; column_border_style=&#8221;solid&#8221; bg_image_animation=&#8221;none&#8221;][vc_custom_heading text=&#8221;Instrukcja&#8221; font_container=&#8221;tag:h2|font_size:52|text_align:center|color:%23428882|line_height:52px&#8221; use_theme_fonts=&#8221;yes&#8221;][divider line_type=&#8221;No Line&#8221; custom_height=&#8221;10&#8243;][vc_custom_heading text=&#8221;Dowiedz si\u0119, jak krok po kroku zainstalowa\u0107 program&#8221; font_container=&#8221;tag:p|font_size:18|text_align:center|color:%239ac4bc|line_height:26px&#8221; use_theme_fonts=&#8221;yes&#8221;][vc_text_separator title=&#8221;&#8221; color=&#8221;turquoise&#8221; border_width=&#8221;2&#8243; el_width=&#8221;20&#8243;][\/vc_column_inner][vc_column_inner column_padding=&#8221;no-extra-padding&#8221; column_padding_position=&#8221;all&#8221; background_color_opacity=&#8221;1&#8243; background_hover_color_opacity=&#8221;1&#8243; column_shadow=&#8221;none&#8221; column_border_radius=&#8221;none&#8221; column_link_target=&#8221;_self&#8221; width=&#8221;1\/6&#8243; tablet_width_inherit=&#8221;default&#8221; overlay_strength=&#8221;0.3&#8243; column_border_width=&#8221;none&#8221; column_border_style=&#8221;solid&#8221; bg_image_animation=&#8221;none&#8221;][\/vc_column_inner][\/vc_row_inner][\/vc_column][\/vc_row][vc_row type=&#8221;full_width_content&#8221; full_screen_row_position=&#8221;middle&#8221; equal_height=&#8221;yes&#8221; content_placement=&#8221;middle&#8221; column_margin=&#8221;default&#8221; scene_position=&#8221;center&#8221; text_color=&#8221;dark&#8221; text_align=&#8221;left&#8221; bottom_padding=&#8221;4%&#8221; disable_element=&#8221;yes&#8221; overlay_strength=&#8221;0.3&#8243; shape_divider_position=&#8221;bottom&#8221; bg_image_animation=&#8221;none&#8221; shape_type=&#8221;&#8221;][vc_column centered_text=&#8221;true&#8221; column_padding=&#8221;padding-10-percent&#8221; column_padding_position=&#8221;all&#8221; background_color=&#8221;#ffffff&#8221; background_color_opacity=&#8221;1&#8243; background_hover_color_opacity=&#8221;1&#8243; column_link_target=&#8221;_self&#8221; column_shadow=&#8221;small_depth&#8221; column_border_radius=&#8221;5px&#8221; width=&#8221;1\/1&#8243; tablet_width_inherit=&#8221;default&#8221; tablet_text_alignment=&#8221;default&#8221; phone_text_alignment=&#8221;default&#8221; overlay_strength=&#8221;0.3&#8243; column_border_width=&#8221;none&#8221; bg_image_animation=&#8221;none&#8221;][nectar_icon icon_family=&#8221;iconsmind&#8221; icon_style=&#8221;border-animation&#8221; icon_border_thickness=&#8221;2px&#8221; icon_color=&#8221;extra-color-gradient-1&#8243; icon_padding=&#8221;25px&#8221; icon_iconsmind=&#8221;iconsmind-Windows-Microsoft&#8221; margin_bottom=&#8221;15&#8243; icon_size=&#8221;40&#8243; url=&#8221;#&#8221;][divider line_type=&#8221;No Line&#8221; custom_height=&#8221;10&#8243;][vc_column_text max_width=&#8221;315&#8243;]\n<h4>Wersja Windows<\/h4>\n[\/vc_column_text][divider line_type=&#8221;No Line&#8221; custom_height=&#8221;5&#8243;][vc_column_text max_width=&#8221;350&#8243; css=&#8221;.vc_custom_1639665528673{margin-bottom: 40px !important;}&#8221;]<span style=\"color: #aaa;\">Pobieranie oprogramowania edukacyjnego na komputery, tablety, monitory i tablice interaktywne.<\/span>[\/vc_column_text][divider line_type=&#8221;No Line&#8221; custom_height=&#8221;5&#8243;][vc_column_text max_width=&#8221;350&#8243; css=&#8221;.vc_custom_1673342098271{margin-bottom: 40px !important;}&#8221;]\n<h6><span style=\"color: #aaa;\">Pobierz instalator na Windowsa &#8211; Win 855a825 z dn.10.02.2022<\/span><\/h6>\n[\/vc_column_text][nectar_cta btn_style=&#8221;see-through&#8221; heading_tag=&#8221;h5&#8243; text_color=&#8221;#a5a5a5&#8243; button_color=&#8221;default&#8221; link_type=&#8221;new_tab&#8221; alignment=&#8221;center&#8221; display=&#8221;block&#8221; link_text=&#8221;Pobierz program&#8221; url=&#8221;https:\/\/mojebambino.pl\/bambinoplay\/pobierz\/pomysl_na_wychowawcza.exe&#8221;][\/vc_column][\/vc_row][vc_row type=&#8221;full_width_content&#8221; full_screen_row_position=&#8221;middle&#8221; equal_height=&#8221;yes&#8221; content_placement=&#8221;middle&#8221; column_margin=&#8221;default&#8221; scene_position=&#8221;center&#8221; text_color=&#8221;dark&#8221; text_align=&#8221;left&#8221; bottom_padding=&#8221;4%&#8221; overlay_strength=&#8221;0.3&#8243; shape_divider_position=&#8221;bottom&#8221; bg_image_animation=&#8221;none&#8221; shape_type=&#8221;&#8221;][vc_column centered_text=&#8221;true&#8221; column_padding=&#8221;padding-10-percent&#8221; column_padding_position=&#8221;all&#8221; background_color=&#8221;#f7f7f7&#8243; background_color_opacity=&#8221;1&#8243; background_hover_color_opacity=&#8221;1&#8243; column_link_target=&#8221;_self&#8221; column_shadow=&#8221;none&#8221; column_border_radius=&#8221;none&#8221; width=&#8221;1\/2&#8243; tablet_width_inherit=&#8221;default&#8221; tablet_text_alignment=&#8221;default&#8221; phone_text_alignment=&#8221;default&#8221; overlay_strength=&#8221;0.3&#8243; column_border_width=&#8221;none&#8221; column_border_style=&#8221;solid&#8221; bg_image_animation=&#8221;none&#8221;][nectar_icon icon_family=&#8221;iconsmind&#8221; icon_style=&#8221;border-animation&#8221; icon_border_thickness=&#8221;2px&#8221; icon_color=&#8221;extra-color-gradient-1&#8243; icon_padding=&#8221;25px&#8221; icon_iconsmind=&#8221;iconsmind-Android&#8221; margin_bottom=&#8221;15&#8243; icon_size=&#8221;40&#8243; url=&#8221;https:\/\/mojebambino.pl\/bambinoplay\/pobierz\/pomyslnawychowawcza.apk&#8221;][divider line_type=&#8221;No Line&#8221; custom_height=&#8221;10&#8243;][vc_column_text max_width=&#8221;315&#8243;]\n<h4>Wersja Android<\/h4>\n[\/vc_column_text][divider line_type=&#8221;No Line&#8221; custom_height=&#8221;5&#8243;][vc_column_text max_width=&#8221;350&#8243; css=&#8221;.vc_custom_1648451857622{margin-bottom: 40px !important;}&#8221;]<span style=\"color: #aaa;\">Pobieranie programu Pomys\u0142 na Wychowawcz\u0105 na Androida.<\/span>[\/vc_column_text][nectar_cta btn_style=&#8221;see-through&#8221; heading_tag=&#8221;h5&#8243; text_color=&#8221;#a5a5a5&#8243; button_color=&#8221;default&#8221; link_type=&#8221;new_tab&#8221; alignment=&#8221;center&#8221; display=&#8221;block&#8221; link_text=&#8221;Pobierz program&#8221; url=&#8221;https:\/\/mojebambino.pl\/bambinoplay\/pobierz\/pomyslnawychowawcza.apk&#8221;][\/vc_column][vc_column centered_text=&#8221;true&#8221; column_padding=&#8221;padding-10-percent&#8221; column_padding_position=&#8221;all&#8221; background_color=&#8221;#ffffff&#8221; background_color_opacity=&#8221;1&#8243; background_hover_color_opacity=&#8221;1&#8243; column_link_target=&#8221;_self&#8221; column_shadow=&#8221;small_depth&#8221; column_border_radius=&#8221;5px&#8221; width=&#8221;1\/2&#8243; tablet_width_inherit=&#8221;default&#8221; tablet_text_alignment=&#8221;default&#8221; phone_text_alignment=&#8221;default&#8221; overlay_strength=&#8221;0.3&#8243; column_border_width=&#8221;none&#8221; bg_image_animation=&#8221;none&#8221;][nectar_icon icon_family=&#8221;iconsmind&#8221; icon_style=&#8221;border-animation&#8221; icon_border_thickness=&#8221;2px&#8221; icon_color=&#8221;extra-color-gradient-1&#8243; icon_padding=&#8221;25px&#8221; icon_iconsmind=&#8221;iconsmind-Windows-Microsoft&#8221; margin_bottom=&#8221;15&#8243; icon_size=&#8221;40&#8243; url=&#8221;https:\/\/mojebambino.pl\/bambinoplay\/pobierz\/pomysl_na_wychowawcza.exe&#8221;][divider line_type=&#8221;No Line&#8221; custom_height=&#8221;10&#8243;][vc_column_text max_width=&#8221;315&#8243;]\n<h4>Wersja Windows<\/h4>\n[\/vc_column_text][divider line_type=&#8221;No Line&#8221; custom_height=&#8221;5&#8243;][vc_column_text max_width=&#8221;350&#8243; css=&#8221;.vc_custom_1639665528673{margin-bottom: 40px !important;}&#8221;]<span style=\"color: #aaa;\">Pobieranie oprogramowania edukacyjnego na komputery, tablety, monitory i tablice interaktywne.<\/span>[\/vc_column_text][nectar_cta btn_style=&#8221;see-through&#8221; heading_tag=&#8221;h5&#8243; text_color=&#8221;#a5a5a5&#8243; button_color=&#8221;default&#8221; link_type=&#8221;new_tab&#8221; alignment=&#8221;center&#8221; display=&#8221;block&#8221; link_text=&#8221;Pobierz program&#8221; url=&#8221;https:\/\/mojebambino.pl\/bambinoplay\/pobierz\/pomysl_na_wychowawcza.exe&#8221;][\/vc_column][\/vc_row][vc_row type=&#8221;in_container&#8221; full_screen_row_position=&#8221;middle&#8221; column_margin=&#8221;default&#8221; scene_position=&#8221;center&#8221; text_color=&#8221;dark&#8221; text_align=&#8221;left&#8221; bottom_padding=&#8221;7%&#8221; overlay_strength=&#8221;0.3&#8243; shape_divider_position=&#8221;bottom&#8221; bg_image_animation=&#8221;none&#8221; shape_type=&#8221;&#8221;][vc_column centered_text=&#8221;true&#8221; column_padding=&#8221;no-extra-padding&#8221; column_padding_position=&#8221;all&#8221; background_color=&#8221;#ffffff&#8221; background_color_opacity=&#8221;1&#8243; background_hover_color_opacity=&#8221;1&#8243; column_link_target=&#8221;_self&#8221; column_shadow=&#8221;small_depth&#8221; column_border_radius=&#8221;5px&#8221; width=&#8221;1\/2&#8243; tablet_width_inherit=&#8221;default&#8221; tablet_text_alignment=&#8221;default&#8221; phone_text_alignment=&#8221;default&#8221; overlay_strength=&#8221;0.3&#8243; column_border_width=&#8221;none&#8221; bg_image_animation=&#8221;none&#8221;][divider line_type=&#8221;No Line&#8221; custom_height=&#8221;70&#8243;][split_line_heading animation_type=&#8221;twist-in&#8221; font_style=&#8221;h3&#8243; text_color=&#8221;#6bc5d0&#8243; text_content=&#8221;KONTAKT&#8221;][\/split_line_heading][nectar_btn size=&#8221;large&#8221; open_new_tab=&#8221;true&#8221; button_style=&#8221;regular&#8221; button_color_2=&#8221;Accent-Color&#8221; color_override=&#8221;#e3f0f1&#8243; solid_text_color_override=&#8221;#5a5c5f&#8221; icon_family=&#8221;none&#8221; url=&#8221;https:\/\/mojebambino.pl\/przedstawiciele&#8221; text=&#8221;Skontaktuj si\u0119 z nami!&#8221;][divider line_type=&#8221;No Line&#8221; custom_height=&#8221;29&#8243;][split_line_heading animation_type=&#8221;twist-in&#8221; font_style=&#8221;h3&#8243; text_color=&#8221;#6bc5d0&#8243; text_content=&#8221;SKLEP INTERNETOWY&#8221;][\/split_line_heading][nectar_btn size=&#8221;large&#8221; open_new_tab=&#8221;true&#8221; button_style=&#8221;regular&#8221; button_color_2=&#8221;Accent-Color&#8221; color_override=&#8221;#e3f0f1&#8243; solid_text_color_override=&#8221;#5a5c5f&#8221; icon_family=&#8221;none&#8221; url=&#8221;www.mojebambino.pl&#8221; text=&#8221;Odwied\u017a nasz sklep!&#8221;][divider line_type=&#8221;No Line&#8221; custom_height=&#8221;70&#8243;][\/vc_column][vc_column column_padding=&#8221;no-extra-padding&#8221; column_padding_position=&#8221;all&#8221; background_color_opacity=&#8221;1&#8243; background_hover_color_opacity=&#8221;1&#8243; column_link_target=&#8221;_self&#8221; column_shadow=&#8221;none&#8221; column_border_radius=&#8221;none&#8221; width=&#8221;1\/2&#8243; tablet_width_inherit=&#8221;default&#8221; tablet_text_alignment=&#8221;default&#8221; phone_text_alignment=&#8221;default&#8221; overlay_strength=&#8221;0.3&#8243; column_border_width=&#8221;none&#8221; column_border_style=&#8221;solid&#8221; bg_image_animation=&#8221;none&#8221;][image_with_animation image_url=&#8221;121&#8243; alignment=&#8221;&#8221; animation=&#8221;Fade In&#8221; hover_animation=&#8221;none&#8221; border_radius=&#8221;none&#8221; box_shadow=&#8221;none&#8221; image_loading=&#8221;default&#8221; max_width=&#8221;100%&#8221; max_width_mobile=&#8221;default&#8221;][\/vc_column][\/vc_row]\n","protected":false},"excerpt":{"rendered":"<p>[vc_row type=&#8221;full_width_background&#8221; full_screen_row_position=&#8221;middle&#8221; equal_height=&#8221;yes&#8221; content_placement=&#8221;middle&#8221; column_margin=&#8221;default&#8221; scene_position=&#8221;center&#8221; text_color=&#8221;light&#8221; text_align=&#8221;left&#8221; top_padding=&#8221;2%&#8221; bottom_padding=&#8221;2%&#8221; color_overlay=&#8221;#ffffff&#8221; overlay_strength=&#8221;0.95&#8243; shape_divider_position=&#8221;bottom&#8221; bg_image_animation=&#8221;none&#8221; shape_type=&#8221;&#8221;][vc_column column_padding=&#8221;no-extra-padding&#8221; column_padding_position=&#8221;all&#8221; background_color_opacity=&#8221;1&#8243; background_hover_color_opacity=&#8221;1&#8243; column_link_target=&#8221;_self&#8221; column_shadow=&#8221;none&#8221; column_border_radius=&#8221;none&#8221; width=&#8221;1\/1&#8243; tablet_width_inherit=&#8221;default&#8221; tablet_text_alignment=&#8221;default&#8221; phone_text_alignment=&#8221;default&#8221; overlay_strength=&#8221;0.3&#8243; column_border_width=&#8221;none&#8221; column_border_style=&#8221;solid&#8221;&#8230;<\/p>\n","protected":false},"author":1,"featured_media":0,"parent":0,"menu_order":0,"comment_status":"closed","ping_status":"closed","template":"","meta":{"footnotes":""},"class_list":["post-687","page","type-page","status-publish"],"yoast_head":"<!-- This site is optimized with the Yoast SEO plugin v22.1 - https:\/\/yoast.com\/wordpress\/plugins\/seo\/ -->\n<title>Pomys\u0142 na wychowawcz\u0105 - pobieranie!<\/title>\n<meta name=\"description\" content=\"Pobieranie programu dla terapeut\u00f3w Pomys\u0142 na wychowawcz\u0105. Sprawd\u017a jak w kilku krokach zainstalowa\u0107 program! Szybka i \u0142atwa instalacja.\" \/>\n<meta name=\"robots\" content=\"index, follow, max-snippet:-1, max-image-preview:large, max-video-preview:-1\" \/>\n<link rel=\"canonical\" href=\"https:\/\/mojebambino.pl\/bambinoplay\/pobieranie-pomysl-na-wychowawcza\/\" \/>\n<meta property=\"og:locale\" content=\"pl_PL\" \/>\n<meta property=\"og:type\" content=\"article\" \/>\n<meta property=\"og:title\" content=\"Pomys\u0142 na wychowawcz\u0105 - pobieranie!\" \/>\n<meta property=\"og:description\" content=\"Pobieranie programu dla terapeut\u00f3w Pomys\u0142 na wychowawcz\u0105. Sprawd\u017a jak w kilku krokach zainstalowa\u0107 program! Szybka i \u0142atwa instalacja.\" \/>\n<meta property=\"og:url\" content=\"https:\/\/mojebambino.pl\/bambinoplay\/pobieranie-pomysl-na-wychowawcza\/\" \/>\n<meta property=\"og:site_name\" content=\"BAMBINOplay\" \/>\n<meta property=\"article:modified_time\" content=\"2024-06-18T12:15:47+00:00\" \/>\n<meta name=\"twitter:card\" content=\"summary_large_image\" \/>\n<meta name=\"twitter:label1\" content=\"Szacowany czas czytania\" \/>\n\t<meta name=\"twitter:data1\" content=\"3 minuty\" \/>\n<script type=\"application\/ld+json\" class=\"yoast-schema-graph\">{\"@context\":\"https:\/\/schema.org\",\"@graph\":[{\"@type\":\"WebPage\",\"@id\":\"https:\/\/mojebambino.pl\/bambinoplay\/pobieranie-pomysl-na-wychowawcza\/\",\"url\":\"https:\/\/mojebambino.pl\/bambinoplay\/pobieranie-pomysl-na-wychowawcza\/\",\"name\":\"Pomys\u0142 na wychowawcz\u0105 - pobieranie!\",\"isPartOf\":{\"@id\":\"https:\/\/mojebambino.pl\/bambinoplay\/#website\"},\"datePublished\":\"2022-03-28T07:16:42+00:00\",\"dateModified\":\"2024-06-18T12:15:47+00:00\",\"description\":\"Pobieranie programu dla terapeut\u00f3w Pomys\u0142 na wychowawcz\u0105. Sprawd\u017a jak w kilku krokach zainstalowa\u0107 program! Szybka i \u0142atwa instalacja.\",\"breadcrumb\":{\"@id\":\"https:\/\/mojebambino.pl\/bambinoplay\/pobieranie-pomysl-na-wychowawcza\/#breadcrumb\"},\"inLanguage\":\"pl-PL\",\"potentialAction\":[{\"@type\":\"ReadAction\",\"target\":[\"https:\/\/mojebambino.pl\/bambinoplay\/pobieranie-pomysl-na-wychowawcza\/\"]}]},{\"@type\":\"BreadcrumbList\",\"@id\":\"https:\/\/mojebambino.pl\/bambinoplay\/pobieranie-pomysl-na-wychowawcza\/#breadcrumb\",\"itemListElement\":[{\"@type\":\"ListItem\",\"position\":1,\"name\":\"Home\",\"item\":\"https:\/\/mojebambino.pl\/bambinoplay\/\"},{\"@type\":\"ListItem\",\"position\":2,\"name\":\"Pobieranie Pomys\u0142 na wychowawcz\u0105\"}]},{\"@type\":\"WebSite\",\"@id\":\"https:\/\/mojebambino.pl\/bambinoplay\/#website\",\"url\":\"https:\/\/mojebambino.pl\/bambinoplay\/\",\"name\":\"BAMBINOplay\",\"description\":\"Programy edukacyjne na monitory, laptopy i komputery\",\"potentialAction\":[{\"@type\":\"SearchAction\",\"target\":{\"@type\":\"EntryPoint\",\"urlTemplate\":\"https:\/\/mojebambino.pl\/bambinoplay\/?s={search_term_string}\"},\"query-input\":\"required name=search_term_string\"}],\"inLanguage\":\"pl-PL\"}]}<\/script>\n<!-- \/ Yoast SEO plugin. -->","yoast_head_json":{"title":"Pomys\u0142 na wychowawcz\u0105 - pobieranie!","description":"Pobieranie programu dla terapeut\u00f3w Pomys\u0142 na wychowawcz\u0105. Sprawd\u017a jak w kilku krokach zainstalowa\u0107 program! Szybka i \u0142atwa instalacja.","robots":{"index":"index","follow":"follow","max-snippet":"max-snippet:-1","max-image-preview":"max-image-preview:large","max-video-preview":"max-video-preview:-1"},"canonical":"https:\/\/mojebambino.pl\/bambinoplay\/pobieranie-pomysl-na-wychowawcza\/","og_locale":"pl_PL","og_type":"article","og_title":"Pomys\u0142 na wychowawcz\u0105 - pobieranie!","og_description":"Pobieranie programu dla terapeut\u00f3w Pomys\u0142 na wychowawcz\u0105. Sprawd\u017a jak w kilku krokach zainstalowa\u0107 program! Szybka i \u0142atwa instalacja.","og_url":"https:\/\/mojebambino.pl\/bambinoplay\/pobieranie-pomysl-na-wychowawcza\/","og_site_name":"BAMBINOplay","article_modified_time":"2024-06-18T12:15:47+00:00","twitter_card":"summary_large_image","twitter_misc":{"Szacowany czas czytania":"3 minuty"},"schema":{"@context":"https:\/\/schema.org","@graph":[{"@type":"WebPage","@id":"https:\/\/mojebambino.pl\/bambinoplay\/pobieranie-pomysl-na-wychowawcza\/","url":"https:\/\/mojebambino.pl\/bambinoplay\/pobieranie-pomysl-na-wychowawcza\/","name":"Pomys\u0142 na wychowawcz\u0105 - pobieranie!","isPartOf":{"@id":"https:\/\/mojebambino.pl\/bambinoplay\/#website"},"datePublished":"2022-03-28T07:16:42+00:00","dateModified":"2024-06-18T12:15:47+00:00","description":"Pobieranie programu dla terapeut\u00f3w Pomys\u0142 na wychowawcz\u0105. Sprawd\u017a jak w kilku krokach zainstalowa\u0107 program! Szybka i \u0142atwa instalacja.","breadcrumb":{"@id":"https:\/\/mojebambino.pl\/bambinoplay\/pobieranie-pomysl-na-wychowawcza\/#breadcrumb"},"inLanguage":"pl-PL","potentialAction":[{"@type":"ReadAction","target":["https:\/\/mojebambino.pl\/bambinoplay\/pobieranie-pomysl-na-wychowawcza\/"]}]},{"@type":"BreadcrumbList","@id":"https:\/\/mojebambino.pl\/bambinoplay\/pobieranie-pomysl-na-wychowawcza\/#breadcrumb","itemListElement":[{"@type":"ListItem","position":1,"name":"Home","item":"https:\/\/mojebambino.pl\/bambinoplay\/"},{"@type":"ListItem","position":2,"name":"Pobieranie Pomys\u0142 na wychowawcz\u0105"}]},{"@type":"WebSite","@id":"https:\/\/mojebambino.pl\/bambinoplay\/#website","url":"https:\/\/mojebambino.pl\/bambinoplay\/","name":"BAMBINOplay","description":"Programy edukacyjne na monitory, laptopy i komputery","potentialAction":[{"@type":"SearchAction","target":{"@type":"EntryPoint","urlTemplate":"https:\/\/mojebambino.pl\/bambinoplay\/?s={search_term_string}"},"query-input":"required name=search_term_string"}],"inLanguage":"pl-PL"}]}},"_links":{"self":[{"href":"https:\/\/mojebambino.pl\/bambinoplay\/wp-json\/wp\/v2\/pages\/687","targetHints":{"allow":["GET"]}}],"collection":[{"href":"https:\/\/mojebambino.pl\/bambinoplay\/wp-json\/wp\/v2\/pages"}],"about":[{"href":"https:\/\/mojebambino.pl\/bambinoplay\/wp-json\/wp\/v2\/types\/page"}],"author":[{"embeddable":true,"href":"https:\/\/mojebambino.pl\/bambinoplay\/wp-json\/wp\/v2\/users\/1"}],"replies":[{"embeddable":true,"href":"https:\/\/mojebambino.pl\/bambinoplay\/wp-json\/wp\/v2\/comments?post=687"}],"version-history":[{"count":5,"href":"https:\/\/mojebambino.pl\/bambinoplay\/wp-json\/wp\/v2\/pages\/687\/revisions"}],"predecessor-version":[{"id":1028,"href":"https:\/\/mojebambino.pl\/bambinoplay\/wp-json\/wp\/v2\/pages\/687\/revisions\/1028"}],"wp:attachment":[{"href":"https:\/\/mojebambino.pl\/bambinoplay\/wp-json\/wp\/v2\/media?parent=687"}],"curies":[{"name":"wp","href":"https:\/\/api.w.org\/{rel}","templated":true}]}}