{"id":170,"date":"2021-12-07T10:02:11","date_gmt":"2021-12-07T09:02:11","guid":{"rendered":"https:\/\/mojebambino.pl\/bambinoplay\/?page_id=170"},"modified":"2023-01-10T09:35:14","modified_gmt":"2023-01-10T08:35:14","slug":"sluchaj-z-bambikiem-instrukcja-instalacji","status":"publish","type":"page","link":"https:\/\/mojebambino.pl\/bambinoplay\/sluchaj-z-bambikiem-instrukcja-instalacji\/","title":{"rendered":"S\u0142uchaj z Bambikiem &#8211; instrukcja"},"content":{"rendered":"[vc_row type=&#8221;full_width_background&#8221; full_screen_row_position=&#8221;middle&#8221; equal_height=&#8221;yes&#8221; content_placement=&#8221;middle&#8221; column_margin=&#8221;default&#8221; scene_position=&#8221;center&#8221; text_color=&#8221;dark&#8221; text_align=&#8221;left&#8221; top_padding=&#8221;5%&#8221; id=&#8221;steps&#8221; row_name=&#8221;Sign Up Steps&#8221; overlay_strength=&#8221;0.3&#8243; shape_divider_position=&#8221;bottom&#8221; bg_image_animation=&#8221;none&#8221; shape_type=&#8221;&#8221;][vc_column column_padding=&#8221;no-extra-padding&#8221; column_padding_position=&#8221;all&#8221; background_color_opacity=&#8221;1&#8243; background_hover_color_opacity=&#8221;1&#8243; column_link_target=&#8221;_self&#8221; column_shadow=&#8221;none&#8221; column_border_radius=&#8221;none&#8221; width=&#8221;3\/4&#8243; tablet_width_inherit=&#8221;default&#8221; tablet_text_alignment=&#8221;default&#8221; phone_text_alignment=&#8221;default&#8221; overlay_strength=&#8221;0.3&#8243; column_border_width=&#8221;none&#8221; column_border_style=&#8221;solid&#8221; bg_image_animation=&#8221;none&#8221;][vc_row_inner equal_height=&#8221;yes&#8221; content_placement=&#8221;middle&#8221; column_margin=&#8221;default&#8221; bottom_padding=&#8221;2%&#8221; text_align=&#8221;left&#8221;][vc_column_inner column_padding=&#8221;no-extra-padding&#8221; column_padding_position=&#8221;all&#8221; background_color_opacity=&#8221;1&#8243; background_hover_color_opacity=&#8221;1&#8243; column_shadow=&#8221;none&#8221; column_border_radius=&#8221;none&#8221; column_link_target=&#8221;_self&#8221; width=&#8221;1\/1&#8243; tablet_width_inherit=&#8221;default&#8221; overlay_strength=&#8221;0.3&#8243; column_border_width=&#8221;none&#8221; column_border_style=&#8221;solid&#8221; bg_image_animation=&#8221;none&#8221;][vc_custom_heading text=&#8221;Jak zainstalowa\u0107 program to terapii s\u0142uchowej S\u0142uchaj z Bambikiem?&#8221; font_container=&#8221;tag:h5|text_align:left|color:rgba(0%2C0%2C0%2C0.78)&#8221; use_theme_fonts=&#8221;yes&#8221; css=&#8221;.vc_custom_1638866881006{margin-bottom: 10px !important;}&#8221;][nectar_highlighted_text color_type=&#8221;regular&#8221; highlight_color=&#8221;#6bc5d0&#8243; style=&#8221;half_text&#8221;]\n<h2><em>Instrukcja krok po kroku<\/em><\/h2>\n[\/nectar_highlighted_text][\/vc_column_inner][\/vc_row_inner][nectar_icon_list animate=&#8221;true&#8221; color=&#8221;Extra-Color-2&#8243; direction=&#8221;horizontal&#8221; columns=&#8221;4&#8243; icon_size=&#8221;small&#8221; icon_style=&#8221;border&#8221;][nectar_icon_list_item icon_type=&#8221;numerical&#8221; title=&#8221;List Item&#8221; id=&#8221;1673339664612-10&#8243; header=&#8221;Kup program&#8221; text=&#8221;Wybierz interesuj\u0105cy ci\u0119 program na stronie www.mojebambino.pl i dokonaj zakup\u00f3w (przy instalacji b\u0119dzie wymagany dost\u0119p)&#8221; tab_id=&#8221;1673339664612-4&#8243;] [\/nectar_icon_list_item][nectar_icon_list_item icon_type=&#8221;numerical&#8221; title=&#8221;List Item&#8221; id=&#8221;1673339664648-1&#8243; header=&#8221;Pobierz&#8221; text=&#8221;Kliknij w guzik pobierz instalator i pobierz plik z odpowiednim programem (exe. lub apk. w zale\u017cno\u015bci od programu)&#8221; tab_id=&#8221;1673339664649-1&#8243;] [\/nectar_icon_list_item][nectar_icon_list_item icon_type=&#8221;numerical&#8221; title=&#8221;List Item&#8221; id=&#8221;1673339664670-5&#8243; header=&#8221;Zainstaluj program&#8221; text=&#8221;Zainstaluj pobrany plik&#8221; tab_id=&#8221;1673339664671-8&#8243;] [\/nectar_icon_list_item][nectar_icon_list_item icon_type=&#8221;numerical&#8221; title=&#8221;List Item&#8221; id=&#8221;1673339664702-5&#8243; header=&#8221;Wype\u0142nij formularz&#8221; text=&#8221;Uzupe\u0142nij formularz rejestracyjny i wpisz klucz licencyjny&#8221; tab_id=&#8221;1673339664702-5&#8243;] [\/nectar_icon_list_item][\/nectar_icon_list][\/vc_column][vc_column centered_text=&#8221;true&#8221; column_padding=&#8221;padding-2-percent&#8221; column_padding_position=&#8221;top-bottom&#8221; background_color_opacity=&#8221;1&#8243; background_hover_color_opacity=&#8221;1&#8243; column_link_target=&#8221;_self&#8221; column_shadow=&#8221;none&#8221; column_border_radius=&#8221;none&#8221; width=&#8221;1\/4&#8243; tablet_width_inherit=&#8221;default&#8221; tablet_text_alignment=&#8221;default&#8221; phone_text_alignment=&#8221;default&#8221; overlay_strength=&#8221;0.3&#8243; column_border_width=&#8221;none&#8221; column_border_style=&#8221;solid&#8221; bg_image_animation=&#8221;none&#8221; offset=&#8221;vc_col-xs-12&#8243;][image_with_animation image_url=&#8221;75&#8243; alignment=&#8221;&#8221; animation=&#8221;Fade In&#8221; hover_animation=&#8221;none&#8221; border_radius=&#8221;none&#8221; box_shadow=&#8221;none&#8221; image_loading=&#8221;default&#8221; max_width=&#8221;50%&#8221; max_width_mobile=&#8221;default&#8221;][nectar_btn size=&#8221;large&#8221; open_new_tab=&#8221;true&#8221; button_style=&#8221;regular&#8221; button_color_2=&#8221;Extra-Color-2&#8243; icon_family=&#8221;none&#8221; url=&#8221;https:\/\/mojebambino.pl\/bambinoplay\/download\/deklaracja-zdolnosci-sluchaj-z-bambikiem\/&#8221; text=&#8221;Pobierz deklaracj\u0119 CE&#8221;][nectar_btn size=&#8221;large&#8221; open_new_tab=&#8221;true&#8221; button_style=&#8221;regular&#8221; button_color_2=&#8221;Extra-Color-2&#8243; icon_family=&#8221;none&#8221; url=&#8221;https:\/\/mojebambino.pl\/bambinoplay\/pobierz\/Sluchaj_z_Bambikiem.exe&#8221; text=&#8221;Pobierz instalator wersja 2 z dn. 08.01.2020&#8243;][nectar_btn size=&#8221;large&#8221; open_new_tab=&#8221;true&#8221; button_style=&#8221;regular&#8221; button_color_2=&#8221;Extra-Color-2&#8243; icon_family=&#8221;none&#8221; url=&#8221;https:\/\/mojebambino.pl\/bambinoplay\/download\/instrukcja-uzycia-sluchaj-z-bambikiem\/&#8221; text=&#8221;Pobierz instrukcj\u0119 obs\u0142ugi wyrobu medycznego&#8221;][\/vc_column][\/vc_row][vc_row type=&#8221;in_container&#8221; full_screen_row_position=&#8221;middle&#8221; column_margin=&#8221;default&#8221; scene_position=&#8221;center&#8221; text_color=&#8221;dark&#8221; text_align=&#8221;left&#8221; top_padding=&#8221;2%&#8221; bottom_padding=&#8221;7%&#8221; overlay_strength=&#8221;0.3&#8243; shape_divider_position=&#8221;bottom&#8221; bg_image_animation=&#8221;none&#8221; shape_type=&#8221;&#8221;][vc_column centered_text=&#8221;true&#8221; column_padding=&#8221;no-extra-padding&#8221; column_padding_position=&#8221;all&#8221; background_color=&#8221;#ffffff&#8221; background_color_opacity=&#8221;1&#8243; background_hover_color_opacity=&#8221;1&#8243; column_link_target=&#8221;_self&#8221; column_shadow=&#8221;small_depth&#8221; column_border_radius=&#8221;10px&#8221; width=&#8221;1\/2&#8243; tablet_width_inherit=&#8221;default&#8221; tablet_text_alignment=&#8221;default&#8221; phone_text_alignment=&#8221;default&#8221; overlay_strength=&#8221;0.3&#8243; column_border_width=&#8221;none&#8221; bg_image_animation=&#8221;none&#8221;][divider line_type=&#8221;No Line&#8221; custom_height=&#8221;88&#8243;][split_line_heading animation_type=&#8221;line-reveal-by-space&#8221; font_style=&#8221;h4&#8243; text_color=&#8221;#6bc5d0&#8243; text_content=&#8221;KONTAKT&#8221;][\/split_line_heading][nectar_btn size=&#8221;large&#8221; open_new_tab=&#8221;true&#8221; button_style=&#8221;regular&#8221; button_color_2=&#8221;Accent-Color&#8221; solid_text_color_override=&#8221;#666666&#8243; icon_family=&#8221;none&#8221; url=&#8221;https:\/\/mojebambino.pl\/przedstawiciele&#8221; text=&#8221;Skontaktuj si\u0119 z nami!&#8221;][divider line_type=&#8221;No Line&#8221; custom_height=&#8221;50&#8243;][split_line_heading animation_type=&#8221;line-reveal-by-space&#8221; font_style=&#8221;h4&#8243; text_color=&#8221;#6bc5d0&#8243; text_content=&#8221;SKLEP INTERNETOWY&#8221;][\/split_line_heading][nectar_btn size=&#8221;large&#8221; open_new_tab=&#8221;true&#8221; button_style=&#8221;regular&#8221; button_color_2=&#8221;Accent-Color&#8221; solid_text_color_override=&#8221;#666666&#8243; icon_family=&#8221;none&#8221; url=&#8221;https:\/\/mojebambino.pl\/&#8221; text=&#8221;Odwied\u017a nasz sklep!&#8221;][divider line_type=&#8221;No Line&#8221; custom_height=&#8221;90&#8243;][\/vc_column][vc_column column_padding=&#8221;no-extra-padding&#8221; column_padding_position=&#8221;all&#8221; background_color_opacity=&#8221;1&#8243; background_hover_color_opacity=&#8221;1&#8243; column_link_target=&#8221;_self&#8221; column_shadow=&#8221;none&#8221; column_border_radius=&#8221;none&#8221; width=&#8221;1\/2&#8243; tablet_width_inherit=&#8221;default&#8221; tablet_text_alignment=&#8221;default&#8221; phone_text_alignment=&#8221;default&#8221; overlay_strength=&#8221;0.3&#8243; column_border_width=&#8221;none&#8221; column_border_style=&#8221;solid&#8221; bg_image_animation=&#8221;none&#8221;][image_with_animation image_url=&#8221;805&#8243; alignment=&#8221;center&#8221; animation=&#8221;Fade In&#8221; img_link_large=&#8221;yes&#8221; hover_animation=&#8221;none&#8221; border_radius=&#8221;5px&#8221; box_shadow=&#8221;small_depth&#8221; image_loading=&#8221;default&#8221; max_width=&#8221;75%&#8221; max_width_mobile=&#8221;default&#8221;][\/vc_column][\/vc_row]\n","protected":false},"excerpt":{"rendered":"<p>[vc_row type=&#8221;full_width_background&#8221; full_screen_row_position=&#8221;middle&#8221; equal_height=&#8221;yes&#8221; content_placement=&#8221;middle&#8221; column_margin=&#8221;default&#8221; scene_position=&#8221;center&#8221; text_color=&#8221;dark&#8221; text_align=&#8221;left&#8221; top_padding=&#8221;5%&#8221; id=&#8221;steps&#8221; row_name=&#8221;Sign Up Steps&#8221; overlay_strength=&#8221;0.3&#8243; shape_divider_position=&#8221;bottom&#8221; bg_image_animation=&#8221;none&#8221; shape_type=&#8221;&#8221;][vc_column column_padding=&#8221;no-extra-padding&#8221; column_padding_position=&#8221;all&#8221; background_color_opacity=&#8221;1&#8243; background_hover_color_opacity=&#8221;1&#8243; column_link_target=&#8221;_self&#8221; column_shadow=&#8221;none&#8221; column_border_radius=&#8221;none&#8221; width=&#8221;3\/4&#8243; tablet_width_inherit=&#8221;default&#8221; tablet_text_alignment=&#8221;default&#8221; phone_text_alignment=&#8221;default&#8221; overlay_strength=&#8221;0.3&#8243;&#8230;<\/p>\n","protected":false},"author":1,"featured_media":0,"parent":0,"menu_order":0,"comment_status":"closed","ping_status":"closed","template":"","meta":{"footnotes":""},"class_list":["post-170","page","type-page","status-publish"],"yoast_head":"<!-- This site is optimized with the Yoast SEO plugin v22.1 - https:\/\/yoast.com\/wordpress\/plugins\/seo\/ -->\n<title>S\u0142uchaj z Bambikiem - instrukcja instalacji<\/title>\n<meta name=\"description\" content=\"Instrukcja instalacji programu z interaktywnymi \u0107wiczeniami i zadaniami S\u0142uchaj z Bambikiem. Sprawd\u017a jak zainstalowa\u0107 program.\" \/>\n<meta name=\"robots\" content=\"index, follow, max-snippet:-1, max-image-preview:large, max-video-preview:-1\" \/>\n<link rel=\"canonical\" href=\"https:\/\/mojebambino.pl\/bambinoplay\/sluchaj-z-bambikiem-instrukcja-instalacji\/\" \/>\n<meta property=\"og:locale\" content=\"pl_PL\" \/>\n<meta property=\"og:type\" content=\"article\" \/>\n<meta property=\"og:title\" content=\"S\u0142uchaj z Bambikiem - instrukcja instalacji\" \/>\n<meta property=\"og:description\" content=\"Instrukcja instalacji programu z interaktywnymi \u0107wiczeniami i zadaniami S\u0142uchaj z Bambikiem. Sprawd\u017a jak zainstalowa\u0107 program.\" \/>\n<meta property=\"og:url\" content=\"https:\/\/mojebambino.pl\/bambinoplay\/sluchaj-z-bambikiem-instrukcja-instalacji\/\" \/>\n<meta property=\"og:site_name\" content=\"BAMBINOplay\" \/>\n<meta property=\"article:modified_time\" content=\"2023-01-10T08:35:14+00:00\" \/>\n<meta name=\"twitter:card\" content=\"summary_large_image\" \/>\n<meta name=\"twitter:label1\" content=\"Szacowany czas czytania\" \/>\n\t<meta name=\"twitter:data1\" content=\"2 minuty\" \/>\n<script type=\"application\/ld+json\" class=\"yoast-schema-graph\">{\"@context\":\"https:\/\/schema.org\",\"@graph\":[{\"@type\":\"WebPage\",\"@id\":\"https:\/\/mojebambino.pl\/bambinoplay\/sluchaj-z-bambikiem-instrukcja-instalacji\/\",\"url\":\"https:\/\/mojebambino.pl\/bambinoplay\/sluchaj-z-bambikiem-instrukcja-instalacji\/\",\"name\":\"S\u0142uchaj z Bambikiem - instrukcja instalacji\",\"isPartOf\":{\"@id\":\"https:\/\/mojebambino.pl\/bambinoplay\/#website\"},\"datePublished\":\"2021-12-07T09:02:11+00:00\",\"dateModified\":\"2023-01-10T08:35:14+00:00\",\"description\":\"Instrukcja instalacji programu z interaktywnymi \u0107wiczeniami i zadaniami S\u0142uchaj z Bambikiem. Sprawd\u017a jak zainstalowa\u0107 program.\",\"breadcrumb\":{\"@id\":\"https:\/\/mojebambino.pl\/bambinoplay\/sluchaj-z-bambikiem-instrukcja-instalacji\/#breadcrumb\"},\"inLanguage\":\"pl-PL\",\"potentialAction\":[{\"@type\":\"ReadAction\",\"target\":[\"https:\/\/mojebambino.pl\/bambinoplay\/sluchaj-z-bambikiem-instrukcja-instalacji\/\"]}]},{\"@type\":\"BreadcrumbList\",\"@id\":\"https:\/\/mojebambino.pl\/bambinoplay\/sluchaj-z-bambikiem-instrukcja-instalacji\/#breadcrumb\",\"itemListElement\":[{\"@type\":\"ListItem\",\"position\":1,\"name\":\"Home\",\"item\":\"https:\/\/mojebambino.pl\/bambinoplay\/\"},{\"@type\":\"ListItem\",\"position\":2,\"name\":\"S\u0142uchaj z Bambikiem &#8211; instrukcja\"}]},{\"@type\":\"WebSite\",\"@id\":\"https:\/\/mojebambino.pl\/bambinoplay\/#website\",\"url\":\"https:\/\/mojebambino.pl\/bambinoplay\/\",\"name\":\"BAMBINOplay\",\"description\":\"Programy edukacyjne na monitory, laptopy i komputery\",\"potentialAction\":[{\"@type\":\"SearchAction\",\"target\":{\"@type\":\"EntryPoint\",\"urlTemplate\":\"https:\/\/mojebambino.pl\/bambinoplay\/?s={search_term_string}\"},\"query-input\":\"required name=search_term_string\"}],\"inLanguage\":\"pl-PL\"}]}<\/script>\n<!-- \/ Yoast SEO plugin. -->","yoast_head_json":{"title":"S\u0142uchaj z Bambikiem - instrukcja instalacji","description":"Instrukcja instalacji programu z interaktywnymi \u0107wiczeniami i zadaniami S\u0142uchaj z Bambikiem. Sprawd\u017a jak zainstalowa\u0107 program.","robots":{"index":"index","follow":"follow","max-snippet":"max-snippet:-1","max-image-preview":"max-image-preview:large","max-video-preview":"max-video-preview:-1"},"canonical":"https:\/\/mojebambino.pl\/bambinoplay\/sluchaj-z-bambikiem-instrukcja-instalacji\/","og_locale":"pl_PL","og_type":"article","og_title":"S\u0142uchaj z Bambikiem - instrukcja instalacji","og_description":"Instrukcja instalacji programu z interaktywnymi \u0107wiczeniami i zadaniami S\u0142uchaj z Bambikiem. Sprawd\u017a jak zainstalowa\u0107 program.","og_url":"https:\/\/mojebambino.pl\/bambinoplay\/sluchaj-z-bambikiem-instrukcja-instalacji\/","og_site_name":"BAMBINOplay","article_modified_time":"2023-01-10T08:35:14+00:00","twitter_card":"summary_large_image","twitter_misc":{"Szacowany czas czytania":"2 minuty"},"schema":{"@context":"https:\/\/schema.org","@graph":[{"@type":"WebPage","@id":"https:\/\/mojebambino.pl\/bambinoplay\/sluchaj-z-bambikiem-instrukcja-instalacji\/","url":"https:\/\/mojebambino.pl\/bambinoplay\/sluchaj-z-bambikiem-instrukcja-instalacji\/","name":"S\u0142uchaj z Bambikiem - instrukcja instalacji","isPartOf":{"@id":"https:\/\/mojebambino.pl\/bambinoplay\/#website"},"datePublished":"2021-12-07T09:02:11+00:00","dateModified":"2023-01-10T08:35:14+00:00","description":"Instrukcja instalacji programu z interaktywnymi \u0107wiczeniami i zadaniami S\u0142uchaj z Bambikiem. Sprawd\u017a jak zainstalowa\u0107 program.","breadcrumb":{"@id":"https:\/\/mojebambino.pl\/bambinoplay\/sluchaj-z-bambikiem-instrukcja-instalacji\/#breadcrumb"},"inLanguage":"pl-PL","potentialAction":[{"@type":"ReadAction","target":["https:\/\/mojebambino.pl\/bambinoplay\/sluchaj-z-bambikiem-instrukcja-instalacji\/"]}]},{"@type":"BreadcrumbList","@id":"https:\/\/mojebambino.pl\/bambinoplay\/sluchaj-z-bambikiem-instrukcja-instalacji\/#breadcrumb","itemListElement":[{"@type":"ListItem","position":1,"name":"Home","item":"https:\/\/mojebambino.pl\/bambinoplay\/"},{"@type":"ListItem","position":2,"name":"S\u0142uchaj z Bambikiem &#8211; instrukcja"}]},{"@type":"WebSite","@id":"https:\/\/mojebambino.pl\/bambinoplay\/#website","url":"https:\/\/mojebambino.pl\/bambinoplay\/","name":"BAMBINOplay","description":"Programy edukacyjne na monitory, laptopy i komputery","potentialAction":[{"@type":"SearchAction","target":{"@type":"EntryPoint","urlTemplate":"https:\/\/mojebambino.pl\/bambinoplay\/?s={search_term_string}"},"query-input":"required name=search_term_string"}],"inLanguage":"pl-PL"}]}},"_links":{"self":[{"href":"https:\/\/mojebambino.pl\/bambinoplay\/wp-json\/wp\/v2\/pages\/170","targetHints":{"allow":["GET"]}}],"collection":[{"href":"https:\/\/mojebambino.pl\/bambinoplay\/wp-json\/wp\/v2\/pages"}],"about":[{"href":"https:\/\/mojebambino.pl\/bambinoplay\/wp-json\/wp\/v2\/types\/page"}],"author":[{"embeddable":true,"href":"https:\/\/mojebambino.pl\/bambinoplay\/wp-json\/wp\/v2\/users\/1"}],"replies":[{"embeddable":true,"href":"https:\/\/mojebambino.pl\/bambinoplay\/wp-json\/wp\/v2\/comments?post=170"}],"version-history":[{"count":36,"href":"https:\/\/mojebambino.pl\/bambinoplay\/wp-json\/wp\/v2\/pages\/170\/revisions"}],"predecessor-version":[{"id":813,"href":"https:\/\/mojebambino.pl\/bambinoplay\/wp-json\/wp\/v2\/pages\/170\/revisions\/813"}],"wp:attachment":[{"href":"https:\/\/mojebambino.pl\/bambinoplay\/wp-json\/wp\/v2\/media?parent=170"}],"curies":[{"name":"wp","href":"https:\/\/api.w.org\/{rel}","templated":true}]}}